{"id":4870,"date":"2020-10-01T08:57:48","date_gmt":"2020-10-01T08:57:48","guid":{"rendered":"http:\/\/sugarevents.trkstudio.eu\/matrimoni\/"},"modified":"2020-11-25T14:55:59","modified_gmt":"2020-11-25T14:55:59","slug":"matrimoni","status":"publish","type":"page","link":"https:\/\/sugarevents.com\/it\/matrimoni\/","title":{"rendered":"Matrimoni"},"content":{"rendered":"<p>[et_pb_section fb_built=&#8221;1&#8243; _builder_version=&#8221;4.6.5&#8243; _module_preset=&#8221;default&#8221; module_alignment=&#8221;center&#8221; custom_margin=&#8221;0px|0px|0px|0px|false|false&#8221; custom_padding=&#8221;0px|0px|0px|0px|false|false&#8221;][et_pb_row _builder_version=&#8221;4.6.3&#8243; _module_preset=&#8221;default&#8221; custom_margin=&#8221;10px||10px||false|false&#8221; custom_padding=&#8221;0px||0px||false|false&#8221; locked=&#8221;off&#8221;][et_pb_column type=&#8221;4_4&#8243; _builder_version=&#8221;4.6.3&#8243; _module_preset=&#8221;default&#8221;][et_pb_image src=&#8221;\/wp-content\/uploads\/2020\/08\/se-logo-dark.svg&#8221; alt=&#8221;sugar events logo dark&#8221; title_text=&#8221;sugar-events-logo-dark&#8221; url=&#8221;@ET-DC@eyJkeW5hbWljIjp0cnVlLCJjb250ZW50IjoicG9zdF9saW5rX3VybF9wYWdlIiwic2V0dGluZ3MiOnsicG9zdF9pZCI6IjIifX0=@&#8221; align=&#8221;center&#8221; _builder_version=&#8221;4.6.5&#8243; _dynamic_attributes=&#8221;url&#8221; _module_preset=&#8221;default&#8221; module_alignment=&#8221;center&#8221; height=&#8221;80px&#8221; custom_margin=&#8221;0px||0px||false|false&#8221; custom_padding=&#8221;0px||0px||false|false&#8221; locked=&#8221;off&#8221;][\/et_pb_image][\/et_pb_column][\/et_pb_row][et_pb_row use_custom_gutter=&#8221;on&#8221; make_equal=&#8221;on&#8221; _builder_version=&#8221;4.6.0&#8243; _module_preset=&#8221;default&#8221; width=&#8221;100%&#8221; max_width=&#8221;1250px&#8221;][et_pb_column type=&#8221;4_4&#8243; _builder_version=&#8221;4.6.0&#8243; _module_preset=&#8221;default&#8221; custom_padding=&#8221;||||false|false&#8221;][et_pb_text module_class=&#8221;ds-library-grid&#8221; _builder_version=&#8221;4.6.5&#8243; _module_preset=&#8221;default&#8221; header_text_align=&#8221;center&#8221;]<\/p>\n<h1>Matrimoni<\/h1>\n<p>[\/et_pb_text][et_pb_portfolio fullwidth=&#8221;off&#8221; posts_number=&#8221;99999&#8243; include_categories=&#8221;2&#8243; show_categories=&#8221;off&#8221; show_pagination=&#8221;off&#8221; zoom_icon_color=&#8221;rgba(255,255,255,0)&#8221; hover_overlay_color=&#8221;rgba(255,255,255,0.42)&#8221; hover_icon=&#8221;%%53%%&#8221; _builder_version=&#8221;4.6.0&#8243; _module_preset=&#8221;default&#8221; title_font=&#8221;Open Sans|||on|||||&#8221; title_text_align=&#8221;center&#8221; title_text_color=&#8221;#848484&#8243; title_font_size=&#8221;16px&#8221; text_orientation=&#8221;center&#8221; width=&#8221;100%&#8221; max_width=&#8221;100%&#8221; module_alignment=&#8221;center&#8221; custom_margin=&#8221;||||false|false&#8221; custom_padding=&#8221;||||false|false&#8221; border_radii_image=&#8221;on|3px|3px|3px|3px&#8221; border_color_all_image=&#8221;#ffffff&#8221;][\/et_pb_portfolio][et_pb_text _builder_version=&#8221;4.6.6&#8243; _module_preset=&#8221;default&#8221; text_text_color=&#8221;rgba(0,0,0,0)&#8221; text_font_size=&#8221;1px&#8221; header_2_text_color=&#8221;rgba(0,0,0,0)&#8221; header_2_font_size=&#8221;1px&#8221; custom_margin=&#8221;0px||0px||false|false&#8221; custom_padding=&#8221;0px||0px||false|false&#8221; hover_enabled=&#8221;0&#8243; sticky_enabled=&#8221;0&#8243;]<\/p>\n<h2 style=\"text-align: center;\">I wedding planner e gli organizzatori di eventi pi\u00f9 romantici e sofisticati d\u2019Italia.<\/h2>\n<div>\n<p data-children-count=\"0\" style=\"text-align: center;\">Noi di <span style=\"color: #ffffff;\"><a href=\"https:\/\/sugarevents.com\/it\/\" title=\"sugar events matrimoni di lusso\" style=\"color: #ffffff;\">SugarEvents<\/a><\/span>ci impegniamo non solo nell\u2019aiutarvi a realizzare i vostri sogni, ma anche a trasformarli in realt\u00e0, attraverso la nostra esperienza e creativit\u00e0. Fondata nel 2011 da<span style=\"color: #ffffff;\"> <a href=\"https:\/\/sugarevents.com\/it\/chi-siamo\/\" title=\"Daniela Galimberti organizzatore di matrimoni\" style=\"color: #ffffff;\">Daniela Galimberti<\/a>,<\/span> SugarEvents si \u00e8 presto creata la reputazione come una delle migliori agenzie per matrimoni di lusso ed eventi, e grazie a una vasta conoscenza del settore, siamo in grado di creare la vostra occasione speciale in maniera impeccabile, prestando attenzione ad ogni dettaglio e assicurandovi libert\u00e0 totale dallo stress. Dai bellissimi e romantici laghi d\u2019Italia allo splendore naturale delle Isole Baleari, da Formentera a Ibiza. Queste sono alcune delle location migliori per creare <span style=\"color: #ffffff;\"><a href=\"https:\/\/www.instagram.com\/sugareventsweddingplanner\/\" target=\"_blank\" rel=\"noopener noreferrer\" title=\"ricordi indimenticabili sui matrimoni di lusso\" style=\"color: #ffffff;\">ricordi davvero indimenticabili<\/a><\/span>.<\/p>\n<\/div>\n<p>[\/et_pb_text][\/et_pb_column][\/et_pb_row][\/et_pb_section]<\/p>\n","protected":false},"excerpt":{"rendered":"<p>MatrimoniI wedding planner e gli organizzatori di eventi pi\u00f9 romantici e sofisticati d\u2019Italia. Noi di SugarEventsci impegniamo non solo nell\u2019aiutarvi a realizzare i vostri sogni, ma anche a trasformarli in realt\u00e0, attraverso la nostra esperienza e creativit\u00e0. Fondata nel 2011 da Daniela Galimberti, SugarEvents si \u00e8 presto creata la reputazione come una delle migliori agenzie [&hellip;]<\/p>\n","protected":false},"author":2,"featured_media":0,"parent":0,"menu_order":12,"comment_status":"closed","ping_status":"closed","template":"","meta":{"_et_pb_use_builder":"on","_et_pb_old_content":"","_et_gb_content_width":"","inline_featured_image":false,"footnotes":""},"class_list":["post-4870","page","type-page","status-publish","hentry"],"_links":{"self":[{"href":"https:\/\/sugarevents.com\/it\/wp-json\/wp\/v2\/pages\/4870","targetHints":{"allow":["GET"]}}],"collection":[{"href":"https:\/\/sugarevents.com\/it\/wp-json\/wp\/v2\/pages"}],"about":[{"href":"https:\/\/sugarevents.com\/it\/wp-json\/wp\/v2\/types\/page"}],"author":[{"embeddable":true,"href":"https:\/\/sugarevents.com\/it\/wp-json\/wp\/v2\/users\/2"}],"replies":[{"embeddable":true,"href":"https:\/\/sugarevents.com\/it\/wp-json\/wp\/v2\/comments?post=4870"}],"version-history":[{"count":19,"href":"https:\/\/sugarevents.com\/it\/wp-json\/wp\/v2\/pages\/4870\/revisions"}],"predecessor-version":[{"id":6413,"href":"https:\/\/sugarevents.com\/it\/wp-json\/wp\/v2\/pages\/4870\/revisions\/6413"}],"wp:attachment":[{"href":"https:\/\/sugarevents.com\/it\/wp-json\/wp\/v2\/media?parent=4870"}],"curies":[{"name":"wp","href":"https:\/\/api.w.org\/{rel}","templated":true}]}}