{"id":4876,"date":"2020-10-01T09:08:26","date_gmt":"2020-10-01T09:08:26","guid":{"rendered":"http:\/\/sugarevents.trkstudio.eu\/chi-siamo\/"},"modified":"2023-11-08T11:48:00","modified_gmt":"2023-11-08T10:48:00","slug":"chi-siamo","status":"publish","type":"page","link":"https:\/\/sugarevents.com\/it\/chi-siamo\/","title":{"rendered":"Chi Siamo"},"content":{"rendered":"\n\n\n\n[et_pb_section fb_built=&#8221;1&#8243; fullwidth=&#8221;on&#8221; _builder_version=&#8221;4.6.1&#8243; _module_preset=&#8221;default&#8221; background_image=&#8221;\/wp-content\/uploads\/2020\/09\/daniela-galimberti-luxury-wedding-planner.jpg&#8221; module_alignment=&#8221;center&#8221; custom_padding=&#8221;|0px||0px|false|false&#8221; locked=&#8221;off&#8221;][et_pb_fullwidth_header title=&#8221;Chi Siamo&#8221; text_orientation=&#8221;center&#8221; background_overlay_color=&#8221;rgba(66,66,66,0.17)&#8221; _builder_version=&#8221;4.6.5&#8243; _module_preset=&#8221;default&#8221; title_font=&#8221;||||||||&#8221; title_text_align=&#8221;center&#8221; title_font_size=&#8221;4rem&#8221; title_letter_spacing=&#8221;3px&#8221; content_text_align=&#8221;center&#8221; content_font_size=&#8221;16px&#8221; content_line_height=&#8221;1em&#8221; subhead_font=&#8221;Lora||||||||&#8221; subhead_text_align=&#8221;center&#8221; subhead_font_size=&#8221;2.5rem&#8221; subhead_line_height=&#8221;3rem&#8221; background_enable_color=&#8221;off&#8221; custom_button_one=&#8221;on&#8221; button_one_border_width=&#8221;0px&#8221; button_one_icon=&#8221;%%36%%&#8221; custom_button_two=&#8221;on&#8221; button_two_border_width=&#8221;0px&#8221; button_two_icon=&#8221;%%36%%&#8221; module_alignment=&#8221;center&#8221; min_height=&#8221;60vh&#8221; height_tablet=&#8221;500px&#8221; height_phone=&#8221;400px&#8221; height_last_edited=&#8221;on|phone&#8221; custom_padding=&#8221;25vh||||false|false&#8221; custom_padding_tablet=&#8221;20vh||||false|false&#8221; custom_padding_phone=&#8221;18vh||||false|false&#8221; custom_padding_last_edited=&#8221;on|phone&#8221; title_font_size_tablet=&#8221;3.5rem&#8221; title_font_size_phone=&#8221;2.2rem&#8221; title_font_size_last_edited=&#8221;on|phone&#8221; subhead_font_size_tablet=&#8221;1.7rem&#8221; subhead_font_size_phone=&#8221;2rem&#8221; subhead_font_size_last_edited=&#8221;on|tablet&#8221; custom_css_button_2=&#8221;||&#8221; title_text_shadow_style=&#8221;preset1&#8243; title_text_shadow_blur_strength=&#8221;0.15em&#8221; text_shadow_style=&#8221;preset1&#8243; text_shadow_blur_strength=&#8221;0.11em&#8221; button_one_bg_color__hover_enabled=&#8221;on|hover&#8221; button_one_bg_color__hover=&#8221;rgba(0,0,0,0)&#8221; button_one_bg_enable_color__hover=&#8221;on&#8221; button_two_bg_color__hover=&#8221;rgba(0,0,0,0)&#8221; button_two_bg_color__hover_enabled=&#8221;on|hover&#8221; custom_css_content_last_edited=&#8221;on|desktop&#8221;][\/et_pb_fullwidth_header][\/et_pb_section][et_pb_section fb_built=&#8221;1&#8243; _builder_version=&#8221;4.5.3&#8243; _module_preset=&#8221;default&#8221; custom_padding=&#8221;||||false|false&#8221;][et_pb_row _builder_version=&#8221;4.5.3&#8243; _module_preset=&#8221;default&#8221;][et_pb_column type=&#8221;4_4&#8243; _builder_version=&#8221;4.5.3&#8243; _module_preset=&#8221;default&#8221;][et_pb_text _builder_version=&#8221;4.6.6&#8243; _module_preset=&#8221;default&#8221; text_font_size=&#8221;1rem&#8221; header_2_text_color=&#8221;rgba(0,0,0,0)&#8221; header_2_font_size=&#8221;0px&#8221; header_2_line_height=&#8221;1.3em&#8221; width=&#8221;100%&#8221; max_width=&#8221;840px&#8221; module_alignment=&#8221;center&#8221; custom_margin=&#8221;0px||0px||false|false&#8221; custom_padding=&#8221;0px||0px||false|false&#8221; hover_enabled=&#8221;0&#8243; sticky_enabled=&#8221;0&#8243;]<h2 style=\"text-align: center;\">Chi siamo Chi siamo Chi siamo<\/h2>\n[\/et_pb_text][et_pb_text _builder_version=&#8221;4.6.1&#8243; _module_preset=&#8221;default&#8221; text_font_size=&#8221;1rem&#8221; header_2_font_size=&#8221;30px&#8221; header_2_line_height=&#8221;1.3em&#8221; width=&#8221;100%&#8221; max_width=&#8221;840px&#8221; module_alignment=&#8221;center&#8221; custom_padding=&#8221;30px||50px||false|false&#8221;]<h2 style=\"text-align: center;\">Per noi l\u2019arte dell\u2019organizzare<br> matrimoni internazionali non ha segreti.<\/h2>\n<div>\n<p data-children-count=\"0\" style=\"text-align: justify;\">Fondata nel 2011, SugarEvents si distingue per una vasta conoscenza del settore eventi, utilizzando questa esperienza pluriennale per creare matrimoni spettacolari e indimenticabili. Ogni cliente \u00e8 unico, con bisogni e desideri diversi, per questo \u00e8 importante comprenderli appieno per poter trasformare i sogni di ogni sposa in realt\u00e0. Siamo dei veri e propri esperti in eleganza, stile e romanticismo.<\/p>\n<p style=\"text-align: justify;\">Non lasciamo nessun dettaglio al caso, ogni elemento \u00e8 pianificato per donare a tutti gli ospiti dei meravigliosi ricordi. La felicit\u00e0 degli sposi \u00e8 la nostra priorit\u00e0 ed \u00e8 per questo ci impegniamo a fornire la migliore assistenza possibile per rendere l&#8217;intera esperienza un viaggio indimenticabile.<\/p>\n<p style=\"text-align: justify;\">Vantiamo un team di talenti, coinvolgente e creativo, formato da una miscela di diverse nazionalit\u00e0 e culture, in modo che la comunicazione con gli sposi non sia mai un problema. Collaboriamo in modo eccezionale con le migliori strutture di fama internazionale, rinomate per la loro incomparabile bellezza e il loro servizio raffinato. Ci dedichiamo completamente al fine di aiutarvi a creare una giornata perfetta.<\/p>\n<\/div>[\/et_pb_text][\/et_pb_column][\/et_pb_row][et_pb_row column_structure=&#8221;1_3,1_3,1_3&#8243; use_custom_gutter=&#8221;on&#8221; gutter_width=&#8221;1&#8243; make_equal=&#8221;on&#8221; _builder_version=&#8221;4.5.6&#8243; _module_preset=&#8221;default&#8221; width=&#8221;100%&#8221; max_width=&#8221;1920px&#8221; scroll_vertical_motion_enable=&#8221;off&#8221; scroll_scaling_enable=&#8221;off&#8221; scroll_blur_enable=&#8221;off&#8221; motion_trigger_start=&#8221;bottom&#8221; locked=&#8221;off&#8221;][et_pb_column type=&#8221;1_3&#8243; _builder_version=&#8221;4.5.6&#8243; _module_preset=&#8221;default&#8221; background_image=&#8221;\/wp-content\/uploads\/2020\/08\/Kelly_and_Ilan-236_1200x1200.jpg&#8221; animation_style=&#8221;slide&#8221; animation_direction=&#8221;bottom&#8221; border_width_all=&#8221;50px&#8221; border_color_all=&#8221;#ffffff&#8221;][et_pb_cta title=&#8221;sfoglia&#8221; button_url=&#8221;@ET-DC@eyJkeW5hbWljIjp0cnVlLCJjb250ZW50IjoicG9zdF9saW5rX3VybF9wYWdlIiwic2V0dGluZ3MiOnsicG9zdF9pZCI6IjQ1NSJ9fQ==@&#8221; _builder_version=&#8221;4.6.5&#8243; _dynamic_attributes=&#8221;button_url,link_option_url&#8221; _module_preset=&#8221;default&#8221; header_level=&#8221;h3&#8243; header_font=&#8221;Open Sans||||||||&#8221; header_font_size=&#8221;21px&#8221; body_font=&#8221;Lora||||||||&#8221; body_font_size=&#8221;32px&#8221; background_color=&#8221;rgba(66,66,66,0.17)&#8221; background_enable_image=&#8221;off&#8221; module_alignment=&#8221;center&#8221; min_height=&#8221;100%&#8221; link_option_url=&#8221;@ET-DC@eyJkeW5hbWljIjp0cnVlLCJjb250ZW50IjoicG9zdF9saW5rX3VybF9wYWdlIiwic2V0dGluZ3MiOnsicG9zdF9pZCI6IjQ1NSJ9fQ==@&#8221; body_font_size_tablet=&#8221;&#8221; body_font_size_phone=&#8221;&#8221; body_font_size_last_edited=&#8221;on|phone&#8221; custom_css_promo_description=&#8221;margin-top:50%&#8221; body_text_shadow_style=&#8221;preset1&#8243; text_shadow_style=&#8221;preset1&#8243;]<p class=\"copy__title listing__title\">Eventi<\/p>[\/et_pb_cta][\/et_pb_column][et_pb_column type=&#8221;1_3&#8243; _builder_version=&#8221;4.5.6&#8243; _module_preset=&#8221;default&#8221; background_image=&#8221;\/wp-content\/uploads\/2020\/08\/Cerimonia-230_1200x1200.jpg&#8221; custom_padding=&#8221;||||false|false&#8221; animation_style=&#8221;slide&#8221; animation_direction=&#8221;bottom&#8221; animation_delay=&#8221;200ms&#8221; border_color_all=&#8221;#ffffff&#8221;][et_pb_cta title=&#8221;sfoglia&#8221; button_url=&#8221;@ET-DC@eyJkeW5hbWljIjp0cnVlLCJjb250ZW50IjoicG9zdF9saW5rX3VybF9wYWdlIiwic2V0dGluZ3MiOnsicG9zdF9pZCI6IjQyMSJ9fQ==@&#8221; module_class=&#8221;vp-a&#8221; _builder_version=&#8221;4.6.5&#8243; _dynamic_attributes=&#8221;button_url,link_option_url&#8221; _module_preset=&#8221;default&#8221; header_level=&#8221;h3&#8243; header_font=&#8221;Open Sans||||||||&#8221; header_font_size=&#8221;21px&#8221; body_font=&#8221;Lora||||||||&#8221; body_font_size=&#8221;32px&#8221; background_color=&#8221;rgba(66,66,66,0.17)&#8221; background_enable_image=&#8221;off&#8221; module_alignment=&#8221;center&#8221; min_height=&#8221;100%&#8221; link_option_url=&#8221;@ET-DC@eyJkeW5hbWljIjp0cnVlLCJjb250ZW50IjoicG9zdF9saW5rX3VybF9wYWdlIiwic2V0dGluZ3MiOnsicG9zdF9pZCI6IjQyMSJ9fQ==@&#8221; body_font_size_tablet=&#8221;&#8221; body_font_size_phone=&#8221;&#8221; body_font_size_last_edited=&#8221;on|phone&#8221; custom_css_promo_description=&#8221;margin-top:50%&#8221; body_text_shadow_style=&#8221;preset1&#8243; text_shadow_style=&#8221;preset1&#8243; locked=&#8221;off&#8221;]<p class=\"copy__title listing__title\">Matrimoni<\/p>[\/et_pb_cta][\/et_pb_column][et_pb_column type=&#8221;1_3&#8243; _builder_version=&#8221;4.5.6&#8243; _module_preset=&#8221;default&#8221; background_image=&#8221;\/wp-content\/uploads\/2020\/08\/Kelly_and_Ilan-1062_1200x1200.jpg&#8221; animation_style=&#8221;slide&#8221; animation_direction=&#8221;bottom&#8221; border_width_all=&#8221;50px&#8221; border_color_all=&#8221;#ffffff&#8221;][et_pb_cta title=&#8221;sfoglia&#8221; button_url=&#8221;@ET-DC@eyJkeW5hbWljIjp0cnVlLCJjb250ZW50IjoicG9zdF9saW5rX3VybF9wYWdlIiwic2V0dGluZ3MiOnsicG9zdF9pZCI6IjQ1NyJ9fQ==@&#8221; _builder_version=&#8221;4.6.5&#8243; _dynamic_attributes=&#8221;button_url,link_option_url&#8221; _module_preset=&#8221;default&#8221; header_level=&#8221;h3&#8243; header_font=&#8221;Open Sans||||||||&#8221; header_font_size=&#8221;21px&#8221; body_font=&#8221;Lora||||||||&#8221; body_font_size=&#8221;32px&#8221; background_color=&#8221;rgba(66,66,66,0.17)&#8221; background_enable_image=&#8221;off&#8221; module_alignment=&#8221;center&#8221; min_height=&#8221;100%&#8221; link_option_url=&#8221;@ET-DC@eyJkeW5hbWljIjp0cnVlLCJjb250ZW50IjoicG9zdF9saW5rX3VybF9wYWdlIiwic2V0dGluZ3MiOnsicG9zdF9pZCI6IjQ1NyJ9fQ==@&#8221; body_font_size_tablet=&#8221;&#8221; body_font_size_phone=&#8221;&#8221; body_font_size_last_edited=&#8221;on|phone&#8221; custom_css_promo_description=&#8221;margin-top:50%&#8221; body_text_shadow_style=&#8221;preset1&#8243; text_shadow_style=&#8221;preset1&#8243; locked=&#8221;off&#8221;]<p class=\"copy__title listing__title\">Locations<\/p>[\/et_pb_cta][\/et_pb_column][\/et_pb_row][\/et_pb_section][et_pb_section fb_built=&#8221;1&#8243; _builder_version=&#8221;4.5.3&#8243; _module_preset=&#8221;default&#8221;][et_pb_row column_structure=&#8221;1_2,1_2&#8243; _builder_version=&#8221;4.5.3&#8243; _module_preset=&#8221;default&#8221;][et_pb_column type=&#8221;1_2&#8243; _builder_version=&#8221;4.5.3&#8243; _module_preset=&#8221;default&#8221;][et_pb_image src=&#8221;\/wp-content\/uploads\/2020\/08\/Create-your-dream-day.jpg&#8221; title_text=&#8221;Crea il tuo giorno dei sogni&#8221; _builder_version=&#8221;4.5.3&#8243; _module_preset=&#8221;default&#8221;][\/et_pb_image][\/et_pb_column][et_pb_column type=&#8221;1_2&#8243; _builder_version=&#8221;4.5.3&#8243; _module_preset=&#8221;default&#8221;][et_pb_text _builder_version=&#8221;4.6.1&#8243; _module_preset=&#8221;default&#8221; text_line_height=&#8221;1.6em&#8221; header_2_font=&#8221;||||||||&#8221; header_2_font_size=&#8221;30px&#8221; header_2_line_height=&#8221;1.2em&#8221; header_3_font=&#8221;Open Sans|300|||||||&#8221;]<h2 class=\"copy__title copy-with-image__title\">Come realizziamo i vostri sogni<\/h2>\n<div class=\"copy copy-with-image__copy\">\n<p style=\"text-align: justify;\">Dal primo momento in cui entriamo in contatto con voi, ci prendiamo tutto il tempo per conoscervi, capire chi siete e come immaginate il vostro giorno speciale. Da qui, il nostro team altamente qualificato inizia a pianificare e progettare il vostro matrimonio o evento esattamente come lo immaginate, tenendo in conto eventuali requisiti culturali o religiosi, preferenze di stile o qualsiasi vostra richiesta.<\/p>\n<p style=\"text-align: justify;\">Abbiamo l\u2019abilit\u00e0 e la comprensione necessarie per realizzare i vostri sogni; pianificheremo ogni dettaglio in modo meticoloso e vi offriremo una vasta gamma di opzioni per testare i nostri servizi: il vostro giorno pi\u00f9 bello \u00e8 in buone mani con noi.<\/p>\n<\/div>[\/et_pb_text][\/et_pb_column][\/et_pb_row][\/et_pb_section][et_pb_section fb_built=&#8221;1&#8243; _builder_version=&#8221;4.5.3&#8243; _module_preset=&#8221;default&#8221; background_image=&#8221;\/wp-content\/uploads\/2020\/08\/Our-suppliers.jpg&#8221; min_height=&#8221;700px&#8221; locked=&#8221;off&#8221;][et_pb_row column_structure=&#8221;1_2,1_2&#8243; _builder_version=&#8221;4.5.3&#8243; _module_preset=&#8221;default&#8221;][et_pb_column type=&#8221;1_2&#8243; _builder_version=&#8221;4.5.3&#8243; _module_preset=&#8221;default&#8221;][et_pb_text _builder_version=&#8221;4.6.6&#8243; _module_preset=&#8221;default&#8221; text_font=&#8221;|600|||||||&#8221; text_text_color=&#8221;#ffffff&#8221; text_line_height=&#8221;1.6em&#8221; header_2_font=&#8221;||||||||&#8221; header_2_text_color=&#8221;#ffffff&#8221; header_2_font_size=&#8221;30px&#8221; header_2_line_height=&#8221;1.2em&#8221; header_3_font=&#8221;Open Sans|300|||||||&#8221; header_3_text_color=&#8221;#ffffff&#8221; header_3_font_size=&#8221;18px&#8221; header_3_letter_spacing=&#8221;1px&#8221; width=&#8221;80%&#8221; custom_padding=&#8221;100px||||false|false&#8221;]<h3><strong>CHI SIAMO<\/strong><\/h3>\n<h2><strong>I nostri fornitori e partner.<\/strong><\/h2>\n<p>Abbiamo sviluppato una fitta rete di contatti con artigiani locali, fornitori di altissimo livello e partner d\u2019eccellenza, pronti ad offrirvi solo il meglio tra <span style=\"color: #ffffff;\"><a href=\"https:\/\/sugarevents.com\/it\/locations\/\" title=\"chi siamo e le nostre locations speciali\" style=\"color: #ffffff;\">location<\/a><\/span>, cibo e vino. Per far s\u00ec che il vostro matrimonio sia impeccabile, abbiamo anche a nostra disposizione fotografi, make-up artists, flower designers; tutto quello che serve per rendere il vostro giorno pi\u00f9 bello <span style=\"color: #ffffff;\"><a href=\"https:\/\/www.instagram.com\/sugareventsweddingplanner\/\" title=\"chi siamo e i nostri giorni indiimenticabili\" style=\"color: #ffffff;\" target=\"_blank\" rel=\"noopener noreferrer\">un\u2019esperienza indimenticabile<\/a><\/span> per voi e per i vostri ospiti.<\/p>[\/et_pb_text][\/et_pb_column][et_pb_column type=&#8221;1_2&#8243; _builder_version=&#8221;4.5.3&#8243; _module_preset=&#8221;default&#8221;][\/et_pb_column][\/et_pb_row][\/et_pb_section][et_pb_section fb_built=&#8221;1&#8243; _builder_version=&#8221;4.6.1&#8243; _module_preset=&#8221;default&#8221; custom_padding=&#8221;||0px||false|false&#8221; locked=&#8221;off&#8221;][et_pb_row _builder_version=&#8221;4.6.1&#8243; _module_preset=&#8221;default&#8221; width=&#8221;90%&#8221; max_width=&#8221;100%&#8221; custom_padding=&#8221;||0px||false|false&#8221;][et_pb_column type=&#8221;4_4&#8243; _builder_version=&#8221;4.5.3&#8243; _module_preset=&#8221;default&#8221;][et_pb_divider color=&#8221;#b7b7b7&#8243; _builder_version=&#8221;4.6.0&#8243; _module_preset=&#8221;default&#8221; custom_margin=&#8221;||0px||false|false&#8221; custom_padding=&#8221;0px||0px||false|false&#8221;][\/et_pb_divider][et_pb_text _builder_version=&#8221;4.6.1&#8243; _module_preset=&#8221;default&#8221; header_2_font_size=&#8221;32px&#8221; header_2_line_height=&#8221;1.5em&#8221; header_3_font=&#8221;Open Sans||||||||&#8221; header_3_font_size=&#8221;16px&#8221; header_3_letter_spacing=&#8221;1px&#8221; custom_margin=&#8221;15px||||false|false&#8221; link_option_url=&#8221;https:\/\/sugarevents.com\/it\/contatti\/&#8221;]<h3 style=\"text-align: center;\">SUGAREVENTS<\/h3>\n<h2 style=\"text-align: center;\">Invia la tua richiesta<\/h2>\n<p style=\"text-align: center;\">Creeremo un evento studiato<br> su misura per te.<\/p>[\/et_pb_text][et_pb_divider color=&#8221;#b7b7b7&#8243; _builder_version=&#8221;4.5.3&#8243; _module_preset=&#8221;default&#8221;][\/et_pb_divider][\/et_pb_column][\/et_pb_row][\/et_pb_section]\n\n\n\n","protected":false},"excerpt":{"rendered":"<p>Chi siamo Chi siamo Chi siamo Per noi l\u2019arte dell\u2019organizzare matrimoni internazionali non ha segreti. Fondata nel 2011, SugarEvents si distingue per una vasta conoscenza del settore eventi, utilizzando questa esperienza pluriennale per creare matrimoni spettacolari e indimenticabili. Ogni cliente \u00e8 unico, con bisogni e desideri diversi, per questo \u00e8 importante comprenderli appieno per poter [&hellip;]<\/p>\n","protected":false},"author":2,"featured_media":0,"parent":0,"menu_order":18,"comment_status":"closed","ping_status":"closed","template":"","meta":{"_et_pb_use_builder":"on","_et_pb_old_content":"","_et_gb_content_width":"","inline_featured_image":false,"footnotes":""},"class_list":["post-4876","page","type-page","status-publish","hentry"],"_links":{"self":[{"href":"https:\/\/sugarevents.com\/it\/wp-json\/wp\/v2\/pages\/4876","targetHints":{"allow":["GET"]}}],"collection":[{"href":"https:\/\/sugarevents.com\/it\/wp-json\/wp\/v2\/pages"}],"about":[{"href":"https:\/\/sugarevents.com\/it\/wp-json\/wp\/v2\/types\/page"}],"author":[{"embeddable":true,"href":"https:\/\/sugarevents.com\/it\/wp-json\/wp\/v2\/users\/2"}],"replies":[{"embeddable":true,"href":"https:\/\/sugarevents.com\/it\/wp-json\/wp\/v2\/comments?post=4876"}],"version-history":[{"count":35,"href":"https:\/\/sugarevents.com\/it\/wp-json\/wp\/v2\/pages\/4876\/revisions"}],"predecessor-version":[{"id":8617,"href":"https:\/\/sugarevents.com\/it\/wp-json\/wp\/v2\/pages\/4876\/revisions\/8617"}],"wp:attachment":[{"href":"https:\/\/sugarevents.com\/it\/wp-json\/wp\/v2\/media?parent=4876"}],"curies":[{"name":"wp","href":"https:\/\/api.w.org\/{rel}","templated":true}]}}