{"id":4890,"date":"2020-10-01T09:30:58","date_gmt":"2020-10-01T09:30:58","guid":{"rendered":"http:\/\/sugarevents.trkstudio.eu\/organizzazione-eventi\/"},"modified":"2023-11-08T11:49:54","modified_gmt":"2023-11-08T10:49:54","slug":"organizzazione-eventi","status":"publish","type":"page","link":"https:\/\/sugarevents.com\/it\/organizzazione-eventi\/","title":{"rendered":"Organizzazione eventi"},"content":{"rendered":"<p>[et_pb_section fb_built=&#8221;1&#8243; fullwidth=&#8221;on&#8221; _builder_version=&#8221;4.5.3&#8243; _module_preset=&#8221;default&#8221; background_image=&#8221;\/wp-content\/uploads\/2020\/08\/DSC2015-1920-x-823-copy_6edb5697343f2769b23e4b8c71d973f9.jpg&#8221; parallax=&#8221;on&#8221; width=&#8221;100%&#8221; module_alignment=&#8221;center&#8221; custom_padding=&#8221;|0px||0px|false|false&#8221; global_colors_info=&#8221;{}&#8221;][et_pb_fullwidth_header title=&#8221;Organizzatori di Eventi di Lusso in Italia&#8221; text_orientation=&#8221;center&#8221; header_fullscreen=&#8221;on&#8221; background_overlay_color=&#8221;rgba(153,153,153,0.35)&#8221; logo_image_url=&#8221;\/wp-content\/uploads\/2020\/09\/se-logo.svg&#8221; _builder_version=&#8221;4.6.5&#8243; _module_preset=&#8221;default&#8221; title_font=&#8221;||||||||&#8221; title_text_align=&#8221;center&#8221; title_font_size=&#8221;4.3rem&#8221; title_letter_spacing=&#8221;1px&#8221; content_text_align=&#8221;center&#8221; content_font_size=&#8221;16px&#8221; content_letter_spacing=&#8221;2px&#8221; content_line_height=&#8221;1em&#8221; subhead_font=&#8221;Lora||||||||&#8221; subhead_text_align=&#8221;center&#8221; subhead_font_size=&#8221;2.7rem&#8221; subhead_line_height=&#8221;3rem&#8221; background_enable_color=&#8221;off&#8221; custom_button_one=&#8221;on&#8221; button_one_text_size=&#8221;18px&#8221; button_one_border_width=&#8221;0px&#8221; button_one_icon=&#8221;%%36%%&#8221; custom_button_two=&#8221;on&#8221; button_two_text_size=&#8221;18px&#8221; button_two_border_width=&#8221;0px&#8221; button_two_icon=&#8221;%%36%%&#8221; width=&#8221;100%&#8221; max_width=&#8221;100%&#8221; module_alignment=&#8221;center&#8221; title_font_size_tablet=&#8221;3.5rem&#8221; title_font_size_phone=&#8221;2rem&#8221; title_font_size_last_edited=&#8221;on|phone&#8221; subhead_font_size_tablet=&#8221;1.7rem&#8221; subhead_font_size_phone=&#8221;2rem&#8221; subhead_font_size_last_edited=&#8221;on|tablet&#8221; custom_css_logo=&#8221;padding-bottom:50px!important;||width:130px;&#8221; custom_css_content=&#8221;padding-top: 25px;||border-bottom: solid 2px;||width:15rem;||margin: 0 auto;||padding-bottom:10px||&#8221; custom_css_button_1=&#8221;position: absolute;||left: 0px;||bottom: 50px;||&#8221; custom_css_button_2=&#8221;position: absolute;||right: 0px;||bottom: 50px;||&#8221; custom_css_scroll_button=&#8221;margin-bottom:50px;&#8221; title_text_shadow_style=&#8221;preset1&#8243; title_text_shadow_blur_strength=&#8221;0.15em&#8221; text_shadow_style=&#8221;preset1&#8243; text_shadow_blur_strength=&#8221;0.11em&#8221; global_colors_info=&#8221;{}&#8221; button_one_bg_color__hover_enabled=&#8221;on|hover&#8221; button_one_bg_color__hover=&#8221;rgba(0,0,0,0)&#8221; button_one_bg_enable_color__hover=&#8221;on&#8221; button_two_bg_color__hover=&#8221;rgba(0,0,0,0)&#8221; button_two_bg_color__hover_enabled=&#8221;on|hover&#8221; custom_css_content_last_edited=&#8221;on|desktop&#8221;]<\/p>\n<p><span style=\"color: #ffffff;\"><a href=\"https:\/\/sugarevents.com\/it\/eventi\/\" title=\"Guarda i nostri eventi\" style=\"color: #ffffff;\">GUARDA I NOSTRI EVENTI<\/a><\/span><\/p>\n<p>[\/et_pb_fullwidth_header][\/et_pb_section][et_pb_section fb_built=&#8221;1&#8243; _builder_version=&#8221;4.5.3&#8243; _module_preset=&#8221;default&#8221; custom_padding=&#8221;23px|||||&#8221; global_colors_info=&#8221;{}&#8221;][et_pb_row _builder_version=&#8221;4.5.3&#8243; _module_preset=&#8221;default&#8221; global_colors_info=&#8221;{}&#8221;][et_pb_column type=&#8221;4_4&#8243; _builder_version=&#8221;4.5.3&#8243; _module_preset=&#8221;default&#8221; global_colors_info=&#8221;{}&#8221;][et_pb_text _builder_version=&#8221;4.6.6&#8243; _module_preset=&#8221;default&#8221; text_font_size=&#8221;1rem&#8221; header_2_text_align=&#8221;center&#8221; header_2_text_color=&#8221;rgba(0,0,0,0)&#8221; header_2_font_size=&#8221;0px&#8221; header_2_line_height=&#8221;1.3em&#8221; width=&#8221;100%&#8221; max_width=&#8221;840px&#8221; module_alignment=&#8221;center&#8221; custom_margin=&#8221;0px||0px||false|false&#8221; custom_padding=&#8221;0px||0px||false|false&#8221; global_colors_info=&#8221;{}&#8221;]<\/p>\n<div>\n<div>\n<div>\n<h2>Organizzazione eventi<\/h2>\n<div><\/div>\n<\/div>\n<\/div>\n<\/div>\n<p>[\/et_pb_text][et_pb_text _builder_version=&#8221;4.6.0&#8243; _module_preset=&#8221;default&#8221; text_font_size=&#8221;1rem&#8221; header_2_font_size=&#8221;30px&#8221; header_2_line_height=&#8221;1.3em&#8221; width=&#8221;100%&#8221; max_width=&#8221;840px&#8221; module_alignment=&#8221;center&#8221; custom_padding=&#8221;30px||50px||false|false&#8221; global_colors_info=&#8221;{}&#8221;]<\/p>\n<div>\n<div>\n<div>\n<h2 style=\"text-align: center;\">Il nostro team di organizzatori di eventi sa perfettamente come creare occasioni esclusive e su misura, trasformando i vostri sogni in realt\u00e0.<\/h2>\n<div>\n<p data-children-count=\"0\" style=\"text-align: center;\">Sia che vogliate festeggiare un compleanno, organizzare una cena di gala o un evento aziendale, qualunque sia l&#8217;occasione, vi aiuteremo a realizzare un evento unico ed emozionante, penseremo a tutto dall\u2019intrattenimento al catering di altissimo livello, prendendo in considerazione ogni dettaglio. Il nostro team di esperti \u00e8 in grado di prendere le vostre idee e trasformarle in eventi spettacolari, adatti al vostro stile, e ricchi di quel lusso e di quella raffinatezza che sono essenziali per creare un evento indimenticabile.<\/p>\n<\/div>\n<\/div>\n<\/div>\n<\/div>\n<p>[\/et_pb_text][\/et_pb_column][\/et_pb_row][et_pb_row column_structure=&#8221;1_3,1_3,1_3&#8243; use_custom_gutter=&#8221;on&#8221; gutter_width=&#8221;1&#8243; make_equal=&#8221;on&#8221; _builder_version=&#8221;4.5.6&#8243; _module_preset=&#8221;default&#8221; width=&#8221;100%&#8221; max_width=&#8221;1920px&#8221; scroll_vertical_motion_enable=&#8221;off&#8221; scroll_scaling_enable=&#8221;off&#8221; scroll_blur_enable=&#8221;off&#8221; motion_trigger_start=&#8221;bottom&#8221; locked=&#8221;off&#8221; global_colors_info=&#8221;{}&#8221;][et_pb_column type=&#8221;1_3&#8243; _builder_version=&#8221;4.5.6&#8243; _module_preset=&#8221;default&#8221; background_image=&#8221;\/wp-content\/uploads\/2020\/08\/Kelly_and_Ilan-236_1200x1200.jpg&#8221; animation_style=&#8221;slide&#8221; animation_direction=&#8221;bottom&#8221; border_width_all=&#8221;50px&#8221; border_color_all=&#8221;#ffffff&#8221; global_colors_info=&#8221;{}&#8221;][et_pb_cta title=&#8221;sfoglia&#8221; button_url=&#8221;@ET-DC@eyJkeW5hbWljIjp0cnVlLCJjb250ZW50IjoicG9zdF9saW5rX3VybF9wYWdlIiwic2V0dGluZ3MiOnsicG9zdF9pZCI6IjQ1NSJ9fQ==@&#8221; _builder_version=&#8221;4.6.5&#8243; _dynamic_attributes=&#8221;button_url,link_option_url&#8221; _module_preset=&#8221;default&#8221; header_level=&#8221;h3&#8243; header_font=&#8221;Open Sans||||||||&#8221; header_font_size=&#8221;21px&#8221; body_font=&#8221;Lora||||||||&#8221; body_font_size=&#8221;32px&#8221; background_color=&#8221;rgba(66,66,66,0.17)&#8221; background_enable_image=&#8221;off&#8221; module_alignment=&#8221;center&#8221; min_height=&#8221;100%&#8221; link_option_url=&#8221;@ET-DC@eyJkeW5hbWljIjp0cnVlLCJjb250ZW50IjoicG9zdF9saW5rX3VybF9wYWdlIiwic2V0dGluZ3MiOnsicG9zdF9pZCI6IjQ1NSJ9fQ==@&#8221; body_font_size_tablet=&#8221;&#8221; body_font_size_phone=&#8221;&#8221; body_font_size_last_edited=&#8221;on|phone&#8221; custom_css_promo_description=&#8221;margin-top:50%&#8221; body_text_shadow_style=&#8221;preset1&#8243; text_shadow_style=&#8221;preset1&#8243; global_colors_info=&#8221;{}&#8221;]<\/p>\n<p class=\"copy__title listing__title\">Eventi<\/p>\n<p>[\/et_pb_cta][\/et_pb_column][et_pb_column type=&#8221;1_3&#8243; _builder_version=&#8221;4.5.6&#8243; _module_preset=&#8221;default&#8221; background_image=&#8221;\/wp-content\/uploads\/2020\/08\/Cerimonia-230_1200x1200.jpg&#8221; custom_padding=&#8221;||||false|false&#8221; animation_style=&#8221;slide&#8221; animation_direction=&#8221;bottom&#8221; animation_delay=&#8221;200ms&#8221; border_color_all=&#8221;#ffffff&#8221; global_colors_info=&#8221;{}&#8221;][et_pb_cta title=&#8221;sfoglia&#8221; button_url=&#8221;@ET-DC@eyJkeW5hbWljIjp0cnVlLCJjb250ZW50IjoicG9zdF9saW5rX3VybF9wYWdlIiwic2V0dGluZ3MiOnsicG9zdF9pZCI6IjQyMSJ9fQ==@&#8221; module_class=&#8221;vp-a&#8221; _builder_version=&#8221;4.6.5&#8243; _dynamic_attributes=&#8221;button_url,link_option_url&#8221; _module_preset=&#8221;default&#8221; header_level=&#8221;h3&#8243; header_font=&#8221;Open Sans||||||||&#8221; header_font_size=&#8221;21px&#8221; body_font=&#8221;Lora||||||||&#8221; body_font_size=&#8221;32px&#8221; background_color=&#8221;rgba(66,66,66,0.17)&#8221; background_enable_image=&#8221;off&#8221; module_alignment=&#8221;center&#8221; min_height=&#8221;100%&#8221; link_option_url=&#8221;@ET-DC@eyJkeW5hbWljIjp0cnVlLCJjb250ZW50IjoicG9zdF9saW5rX3VybF9wYWdlIiwic2V0dGluZ3MiOnsicG9zdF9pZCI6IjQyMSJ9fQ==@&#8221; body_font_size_tablet=&#8221;&#8221; body_font_size_phone=&#8221;&#8221; body_font_size_last_edited=&#8221;on|phone&#8221; custom_css_promo_description=&#8221;margin-top:50%&#8221; body_text_shadow_style=&#8221;preset1&#8243; text_shadow_style=&#8221;preset1&#8243; locked=&#8221;off&#8221; global_colors_info=&#8221;{}&#8221;]<\/p>\n<p class=\"copy__title listing__title\">Matrimoni<\/p>\n<p>[\/et_pb_cta][\/et_pb_column][et_pb_column type=&#8221;1_3&#8243; _builder_version=&#8221;4.5.6&#8243; _module_preset=&#8221;default&#8221; background_image=&#8221;\/wp-content\/uploads\/2020\/08\/Kelly_and_Ilan-1062_1200x1200.jpg&#8221; animation_style=&#8221;slide&#8221; animation_direction=&#8221;bottom&#8221; border_width_all=&#8221;50px&#8221; border_color_all=&#8221;#ffffff&#8221; global_colors_info=&#8221;{}&#8221;][et_pb_cta title=&#8221;sfoglia&#8221; button_url=&#8221;@ET-DC@eyJkeW5hbWljIjp0cnVlLCJjb250ZW50IjoicG9zdF9saW5rX3VybF9wYWdlIiwic2V0dGluZ3MiOnsicG9zdF9pZCI6IjQ1NyJ9fQ==@&#8221; _builder_version=&#8221;4.6.5&#8243; _dynamic_attributes=&#8221;button_url,link_option_url&#8221; _module_preset=&#8221;default&#8221; header_level=&#8221;h3&#8243; header_font=&#8221;Open Sans||||||||&#8221; header_font_size=&#8221;21px&#8221; body_font=&#8221;Lora||||||||&#8221; body_font_size=&#8221;32px&#8221; background_color=&#8221;rgba(66,66,66,0.17)&#8221; background_enable_image=&#8221;off&#8221; module_alignment=&#8221;center&#8221; min_height=&#8221;100%&#8221; link_option_url=&#8221;@ET-DC@eyJkeW5hbWljIjp0cnVlLCJjb250ZW50IjoicG9zdF9saW5rX3VybF9wYWdlIiwic2V0dGluZ3MiOnsicG9zdF9pZCI6IjQ1NyJ9fQ==@&#8221; body_font_size_tablet=&#8221;&#8221; body_font_size_phone=&#8221;&#8221; body_font_size_last_edited=&#8221;on|phone&#8221; custom_css_promo_description=&#8221;margin-top:50%&#8221; body_text_shadow_style=&#8221;preset1&#8243; text_shadow_style=&#8221;preset1&#8243; locked=&#8221;off&#8221; global_colors_info=&#8221;{}&#8221;]<\/p>\n<p class=\"copy__title listing__title\">Locations<\/p>\n<p>[\/et_pb_cta][\/et_pb_column][\/et_pb_row][\/et_pb_section][et_pb_section fb_built=&#8221;1&#8243; _builder_version=&#8221;4.5.3&#8243; _module_preset=&#8221;default&#8221; background_image=&#8221;\/wp-content\/uploads\/2020\/08\/0216__MG_2170-1600-x-758_190115_142620.jpg&#8221; min_height=&#8221;700px&#8221; global_colors_info=&#8221;{}&#8221;][et_pb_row column_structure=&#8221;1_2,1_2&#8243; _builder_version=&#8221;4.5.3&#8243; _module_preset=&#8221;default&#8221; global_colors_info=&#8221;{}&#8221;][et_pb_column type=&#8221;1_2&#8243; _builder_version=&#8221;4.5.3&#8243; _module_preset=&#8221;default&#8221; global_colors_info=&#8221;{}&#8221;][et_pb_text _builder_version=&#8221;4.6.6&#8243; _module_preset=&#8221;default&#8221; text_font=&#8221;|600|||||||&#8221; text_line_height=&#8221;1.6em&#8221; header_2_font=&#8221;||||||||&#8221; header_2_font_size=&#8221;30px&#8221; header_2_line_height=&#8221;1.2em&#8221; header_3_font=&#8221;Open Sans|300||on|||||&#8221; header_3_font_size=&#8221;18px&#8221; header_3_letter_spacing=&#8221;1px&#8221; width=&#8221;80%&#8221; custom_padding=&#8221;100px||||false|false&#8221; global_colors_info=&#8221;{}&#8221;]<\/p>\n<div class=\"columns small-12 medium-6 large-5 image-right\">\n<h3 class=\"copy__title copy-with-image__title\" style=\"text-align: left;\"><span style=\"color: #ffffff;\"><strong>Eventi Aziendali<\/strong><\/span><\/h3>\n<h2 class=\"copy__title\"><span style=\"color: #ffffff;\"><strong><a href=\"https:\/\/sugarevents.com\/it\/eventi\/\" title=\"perfetta organizzazione eventi\">Eventi<\/a>aziendali di grande eleganza<\/strong><\/span><\/h2>\n<div class=\"copy copy-with-image__copy\">\n<div class=\"wrapper copy-bg-image__wrapper\">\n<div class=\"copy-bg-image__image lazy\">\n<div class=\"copy-bg-image__row\">\n<div class=\"columns small-offset-1 small-10 medium-6 large-4\">\n<div class=\"copy-bg-image__copy\">\n<div class=\"copy\">\n<p><span style=\"color: #ffffff;\">Il nostro team di esperti ha l\u2019esperienza per aiutarti a creare l&#8217;evento aziendale perfetto, sia che vogliate premiare il vostro staff, celebrare un successo aziendale o presentare il lancio di un nuovo prodotto. <a href=\"https:\/\/www.instagram.com\/sugareventsweddingplanner\/\" target=\"_blank\" rel=\"noopener noreferrer\" title=\"organizzazione eventi\">Ogni occasione sar\u00e0 pianificata<\/a> con la massima attenzione al vostro gusto, assicurandovi che l&#8217;evento sia davvero lussuoso e sofisticato. Ci saranno divertimento a non finire e attivit\u00e0 in grado di intrattenere i vostri ospiti durante tutto il loro soggiorno.<\/span><\/p>\n<\/div>\n<\/div>\n<\/div>\n<\/div>\n<\/div>\n<\/div>\n<\/div>\n<\/div>\n<p>[\/et_pb_text][\/et_pb_column][et_pb_column type=&#8221;1_2&#8243; _builder_version=&#8221;4.5.3&#8243; _module_preset=&#8221;default&#8221; global_colors_info=&#8221;{}&#8221;][\/et_pb_column][\/et_pb_row][\/et_pb_section][et_pb_section fb_built=&#8221;1&#8243; _builder_version=&#8221;4.5.3&#8243; _module_preset=&#8221;default&#8221; global_colors_info=&#8221;{}&#8221;][et_pb_row column_structure=&#8221;1_2,1_2&#8243; _builder_version=&#8221;4.5.3&#8243; _module_preset=&#8221;default&#8221; global_colors_info=&#8221;{}&#8221;][et_pb_column type=&#8221;1_2&#8243; _builder_version=&#8221;4.5.3&#8243; _module_preset=&#8221;default&#8221; global_colors_info=&#8221;{}&#8221;][et_pb_text _builder_version=&#8221;4.6.0&#8243; _module_preset=&#8221;default&#8221; text_line_height=&#8221;1.6em&#8221; header_2_font=&#8221;||||||||&#8221; header_2_font_size=&#8221;32px&#8221; header_2_line_height=&#8221;1.2em&#8221; header_3_font=&#8221;Open Sans|300||on|||||&#8221; header_3_font_size=&#8221;18px&#8221; header_3_letter_spacing=&#8221;1px&#8221; global_colors_info=&#8221;{}&#8221;]<\/p>\n<div class=\"columns small-12 medium-6 large-5 image-right\">\n<h3 class=\"copy__title copy-with-image__title\" style=\"text-align: left;\">Privati di Lusso<\/h3>\n<h2 class=\"copy__title copy-with-image__title\" style=\"text-align: left;\">Eventi Privati di Lusso<\/h2>\n<div class=\"copy copy-with-image__copy\">\n<p style=\"text-align: justify;\">La versatilit\u00e0 \u00e8 una qualit\u00e0 di cui andiamo fieri e che dimostriamo al meglio nei nostri eventi privati. Che si tratti di una festa di compleanno o di un romantico anniversario, siamo attrezzati con una vasta gamma di splendide location e un\u2019incredibile scelta di fornitori per offrirvi cibo delizioso, intrattenimento eccezionale e qualsiasi altra cosa possiate desiderare per rendere la vostra giornata indimenticabile. Prestando particolare attenzione alla vostra visione, useremo la nostra competenza e le nostre eccezionali capacit\u00e0 organizzative per assistervi durante l&#8217;intera esperienza, dando vita a un&#8217;occasione pianificata alla perfezione.<\/p>\n<\/div>\n<\/div>\n<p>[\/et_pb_text][et_pb_text _builder_version=&#8221;4.6.6&#8243; _module_preset=&#8221;default&#8221; header_2_text_align=&#8221;center&#8221; header_2_text_color=&#8221;rgba(0,0,0,0)&#8221; header_2_font_size=&#8221;0px&#8221; global_colors_info=&#8221;{}&#8221;]<\/p>\n<h2>organizzazione eventi, organizzazione eventi, organizzazione eventi, organizzazione eventi,<\/h2>\n<p>[\/et_pb_text][\/et_pb_column][et_pb_column type=&#8221;1_2&#8243; _builder_version=&#8221;4.5.3&#8243; _module_preset=&#8221;default&#8221; global_colors_info=&#8221;{}&#8221;][et_pb_image src=&#8221;\/wp-content\/uploads\/2020\/08\/Event-planning-613x500_36f54104df65e36385ff06f431a11273.jpg&#8221; title_text=&#8221;Eventi Privati di Lusso&#8221; _builder_version=&#8221;4.5.3&#8243; _module_preset=&#8221;default&#8221; global_colors_info=&#8221;{}&#8221;][\/et_pb_image][\/et_pb_column][\/et_pb_row][\/et_pb_section][et_pb_section fb_built=&#8221;1&#8243; _builder_version=&#8221;4.5.3&#8243; _module_preset=&#8221;default&#8221; locked=&#8221;off&#8221; global_colors_info=&#8221;{}&#8221;][et_pb_row _builder_version=&#8221;4.5.3&#8243; _module_preset=&#8221;default&#8221; width=&#8221;90%&#8221; max_width=&#8221;100%&#8221; global_colors_info=&#8221;{}&#8221;][et_pb_column type=&#8221;4_4&#8243; _builder_version=&#8221;4.5.3&#8243; _module_preset=&#8221;default&#8221; global_colors_info=&#8221;{}&#8221;][et_pb_divider color=&#8221;#b7b7b7&#8243; _builder_version=&#8221;4.6.0&#8243; _module_preset=&#8221;default&#8221; custom_margin=&#8221;||0px||false|false&#8221; custom_padding=&#8221;0px||0px||false|false&#8221; global_colors_info=&#8221;{}&#8221;][\/et_pb_divider][et_pb_text _builder_version=&#8221;4.6.0&#8243; _module_preset=&#8221;default&#8221; header_2_font_size=&#8221;32px&#8221; header_2_line_height=&#8221;1.5em&#8221; header_3_font=&#8221;Open Sans||||||||&#8221; header_3_font_size=&#8221;16px&#8221; header_3_letter_spacing=&#8221;1px&#8221; custom_margin=&#8221;15px||||false|false&#8221; link_option_url=&#8221;https:\/\/sugarevents.com\/it\/contatti\/&#8221; global_colors_info=&#8221;{}&#8221;]<\/p>\n<h3 style=\"text-align: center;\">MATRIMONI<\/h3>\n<h2 style=\"text-align: center;\">Invia la tua richiesta<\/h2>\n<p style=\"text-align: center;\">Creeremo un evento studiato<br \/> su misura per te.<\/p>\n<p>[\/et_pb_text][et_pb_divider color=&#8221;#b7b7b7&#8243; _builder_version=&#8221;4.5.3&#8243; _module_preset=&#8221;default&#8221; global_colors_info=&#8221;{}&#8221;][\/et_pb_divider][\/et_pb_column][\/et_pb_row][\/et_pb_section]<\/p>\n","protected":false},"excerpt":{"rendered":"<p>GUARDA I NOSTRI EVENTI Organizzazione eventi Il nostro team di organizzatori di eventi sa perfettamente come creare occasioni esclusive e su misura, trasformando i vostri sogni in realt\u00e0. Sia che vogliate festeggiare un compleanno, organizzare una cena di gala o un evento aziendale, qualunque sia l&#8217;occasione, vi aiuteremo a realizzare un evento unico ed emozionante, [&hellip;]<\/p>\n","protected":false},"author":2,"featured_media":0,"parent":0,"menu_order":17,"comment_status":"closed","ping_status":"closed","template":"","meta":{"_et_pb_use_builder":"on","_et_pb_old_content":"","_et_gb_content_width":"","inline_featured_image":false,"footnotes":""},"class_list":["post-4890","page","type-page","status-publish","hentry"],"_links":{"self":[{"href":"https:\/\/sugarevents.com\/it\/wp-json\/wp\/v2\/pages\/4890","targetHints":{"allow":["GET"]}}],"collection":[{"href":"https:\/\/sugarevents.com\/it\/wp-json\/wp\/v2\/pages"}],"about":[{"href":"https:\/\/sugarevents.com\/it\/wp-json\/wp\/v2\/types\/page"}],"author":[{"embeddable":true,"href":"https:\/\/sugarevents.com\/it\/wp-json\/wp\/v2\/users\/2"}],"replies":[{"embeddable":true,"href":"https:\/\/sugarevents.com\/it\/wp-json\/wp\/v2\/comments?post=4890"}],"version-history":[{"count":62,"href":"https:\/\/sugarevents.com\/it\/wp-json\/wp\/v2\/pages\/4890\/revisions"}],"predecessor-version":[{"id":8623,"href":"https:\/\/sugarevents.com\/it\/wp-json\/wp\/v2\/pages\/4890\/revisions\/8623"}],"wp:attachment":[{"href":"https:\/\/sugarevents.com\/it\/wp-json\/wp\/v2\/media?parent=4890"}],"curies":[{"name":"wp","href":"https:\/\/api.w.org\/{rel}","templated":true}]}}