{"id":4899,"date":"2020-10-01T09:31:46","date_gmt":"2020-10-01T09:31:46","guid":{"rendered":"http:\/\/sugarevents.trkstudio.eu\/rivista\/"},"modified":"2020-12-01T14:46:58","modified_gmt":"2020-12-01T14:46:58","slug":"rivista","status":"publish","type":"page","link":"https:\/\/sugarevents.com\/it\/rivista\/","title":{"rendered":"Blog"},"content":{"rendered":"<p>[et_pb_section fb_built=&#8221;1&#8243; fullwidth=&#8221;on&#8221; _builder_version=&#8221;4.5.5&#8243; _dynamic_attributes=&#8221;background_image&#8221; _module_preset=&#8221;default&#8221; background_image=&#8221;@ET-DC@eyJkeW5hbWljIjp0cnVlLCJjb250ZW50IjoiY3VzdG9tX21ldGFfaW5saW5lX2ZlYXR1cmVkX2ltYWdlIiwic2V0dGluZ3MiOnsiYmVmb3JlIjoiIiwiYWZ0ZXIiOiIiLCJlbmFibGVfaHRtbCI6Im9mZiJ9fQ==@&#8221;][et_pb_fullwidth_post_slider posts_number=&#8221;1&#8243; include_categories=&#8221;all&#8221; show_arrows=&#8221;off&#8221; show_pagination=&#8221;off&#8221; excerpt_length=&#8221;1&#8243; show_meta=&#8221;off&#8221; _builder_version=&#8221;4.6.5&#8243; _module_preset=&#8221;default&#8221; body_text_color=&#8221;rgba(0,0,0,0)&#8221; custom_button=&#8221;on&#8221; button_bg_color=&#8221;rgba(0,0,0,0)&#8221; button_border_width=&#8221;0px&#8221; button_font=&#8221;|300|||||||&#8221; button_alignment=&#8221;center&#8221; button_bg_color__hover_enabled=&#8221;on|desktop&#8221; button_bg_color__hover=&#8221;rgba(0,0,0,0)&#8221; button_bg_enable_color__hover=&#8221;on&#8221;][\/et_pb_fullwidth_post_slider][\/et_pb_section][et_pb_section fb_built=&#8221;1&#8243; _builder_version=&#8221;4.5.5&#8243; _module_preset=&#8221;default&#8221;][et_pb_row _builder_version=&#8221;4.5.5&#8243; _module_preset=&#8221;default&#8221; width=&#8221;100%&#8221;][et_pb_column type=&#8221;4_4&#8243; _builder_version=&#8221;4.5.5&#8243; _module_preset=&#8221;default&#8221;][et_pb_text _builder_version=&#8221;4.6.6&#8243; _module_preset=&#8221;default&#8221; hover_enabled=&#8221;0&#8243; sticky_enabled=&#8221;0&#8243; header_text_align=&#8221;center&#8221; header_font_size=&#8221;0px&#8221; header_text_color=&#8221;rgba(0,0,0,0)&#8221; header_2_text_color=&#8221;rgba(0,0,0,0)&#8221; header_2_font_size=&#8221;0px&#8221; custom_margin=&#8221;0px||0px||false|false&#8221; custom_padding=&#8221;0px||0px||false|false&#8221;]<\/p>\n<h1>Blog<\/h1>\n<h2>Blog<\/h2>\n<p>[\/et_pb_text][et_pb_blog posts_number=&#8221;2&#8243; include_categories=&#8221;all&#8221; show_more=&#8221;on&#8221; show_author=&#8221;off&#8221; show_date=&#8221;off&#8221; show_excerpt=&#8221;off&#8221; show_pagination=&#8221;off&#8221; offset_number=&#8221;1&#8243; use_overlay=&#8221;on&#8221; _builder_version=&#8221;4.6.0&#8243; _module_preset=&#8221;default&#8221; header_text_align=&#8221;center&#8221; read_more_font=&#8221;|300|||||||&#8221; text_orientation=&#8221;center&#8221;][\/et_pb_blog][\/et_pb_column][\/et_pb_row][\/et_pb_section][et_pb_section fb_built=&#8221;1&#8243; fullwidth=&#8221;on&#8221; _builder_version=&#8221;4.5.5&#8243; _dynamic_attributes=&#8221;background_image&#8221; _module_preset=&#8221;default&#8221; background_image=&#8221;@ET-DC@eyJkeW5hbWljIjp0cnVlLCJjb250ZW50IjoiY3VzdG9tX21ldGFfaW5saW5lX2ZlYXR1cmVkX2ltYWdlIiwic2V0dGluZ3MiOnsiYmVmb3JlIjoiIiwiYWZ0ZXIiOiIiLCJlbmFibGVfaHRtbCI6Im9mZiJ9fQ==@&#8221;][et_pb_fullwidth_post_slider posts_number=&#8221;1&#8243; include_categories=&#8221;all&#8221; show_arrows=&#8221;off&#8221; show_pagination=&#8221;off&#8221; excerpt_length=&#8221;1&#8243; show_meta=&#8221;off&#8221; offset_number=&#8221;3&#8243; _builder_version=&#8221;4.6.5&#8243; _module_preset=&#8221;default&#8221; body_text_color=&#8221;rgba(0,0,0,0)&#8221; custom_button=&#8221;on&#8221; button_bg_color=&#8221;rgba(0,0,0,0)&#8221; button_border_width=&#8221;0px&#8221; button_font=&#8221;|300|||||||&#8221; button_alignment=&#8221;center&#8221; button_bg_color__hover_enabled=&#8221;on|desktop&#8221; button_bg_color__hover=&#8221;rgba(0,0,0,0)&#8221; button_bg_enable_color__hover=&#8221;on&#8221;][\/et_pb_fullwidth_post_slider][\/et_pb_section][et_pb_section fb_built=&#8221;1&#8243; _builder_version=&#8221;4.5.5&#8243; _module_preset=&#8221;default&#8221;][et_pb_row _builder_version=&#8221;4.5.5&#8243; _module_preset=&#8221;default&#8221; width=&#8221;100%&#8221;][et_pb_column type=&#8221;4_4&#8243; _builder_version=&#8221;4.5.5&#8243; _module_preset=&#8221;default&#8221;][et_pb_blog posts_number=&#8221;2&#8243; include_categories=&#8221;all&#8221; show_more=&#8221;on&#8221; show_author=&#8221;off&#8221; show_date=&#8221;off&#8221; show_excerpt=&#8221;off&#8221; show_pagination=&#8221;off&#8221; offset_number=&#8221;4&#8243; use_overlay=&#8221;on&#8221; _builder_version=&#8221;4.6.5&#8243; _module_preset=&#8221;default&#8221; header_text_align=&#8221;center&#8221; read_more_font=&#8221;|300|||||||&#8221; text_orientation=&#8221;center&#8221;][\/et_pb_blog][\/et_pb_column][\/et_pb_row][\/et_pb_section][et_pb_section fb_built=&#8221;1&#8243; fullwidth=&#8221;on&#8221; _builder_version=&#8221;4.5.5&#8243; _dynamic_attributes=&#8221;background_image&#8221; _module_preset=&#8221;default&#8221; background_image=&#8221;@ET-DC@eyJkeW5hbWljIjp0cnVlLCJjb250ZW50IjoiY3VzdG9tX21ldGFfaW5saW5lX2ZlYXR1cmVkX2ltYWdlIiwic2V0dGluZ3MiOnsiYmVmb3JlIjoiIiwiYWZ0ZXIiOiIiLCJlbmFibGVfaHRtbCI6Im9mZiJ9fQ==@&#8221;][et_pb_fullwidth_post_slider posts_number=&#8221;1&#8243; include_categories=&#8221;all&#8221; show_arrows=&#8221;off&#8221; show_pagination=&#8221;off&#8221; show_meta=&#8221;off&#8221; offset_number=&#8221;6&#8243; _builder_version=&#8221;4.6.5&#8243; _module_preset=&#8221;default&#8221; body_text_color=&#8221;rgba(0,0,0,0)&#8221; custom_button=&#8221;on&#8221; button_bg_color=&#8221;rgba(0,0,0,0)&#8221; button_border_width=&#8221;0px&#8221; button_font=&#8221;|300|||||||&#8221; button_alignment=&#8221;center&#8221; button_bg_color__hover_enabled=&#8221;on|desktop&#8221; button_bg_color__hover=&#8221;rgba(0,0,0,0)&#8221; button_bg_enable_color__hover=&#8221;on&#8221;][\/et_pb_fullwidth_post_slider][\/et_pb_section][et_pb_section fb_built=&#8221;1&#8243; _builder_version=&#8221;4.5.5&#8243; _module_preset=&#8221;default&#8221;][et_pb_row _builder_version=&#8221;4.5.5&#8243; _module_preset=&#8221;default&#8221; width=&#8221;100%&#8221;][et_pb_column type=&#8221;4_4&#8243; _builder_version=&#8221;4.5.5&#8243; _module_preset=&#8221;default&#8221;][et_pb_blog posts_number=&#8221;2&#8243; include_categories=&#8221;all&#8221; show_more=&#8221;on&#8221; show_author=&#8221;off&#8221; show_date=&#8221;off&#8221; show_excerpt=&#8221;off&#8221; show_pagination=&#8221;off&#8221; offset_number=&#8221;7&#8243; use_overlay=&#8221;on&#8221; _builder_version=&#8221;4.6.5&#8243; _module_preset=&#8221;default&#8221; header_text_align=&#8221;center&#8221; read_more_font=&#8221;|300|||||||&#8221; text_orientation=&#8221;center&#8221;][\/et_pb_blog][\/et_pb_column][\/et_pb_row][\/et_pb_section][et_pb_section fb_built=&#8221;1&#8243; fullwidth=&#8221;on&#8221; _builder_version=&#8221;4.5.5&#8243; _dynamic_attributes=&#8221;background_image&#8221; _module_preset=&#8221;default&#8221; background_image=&#8221;@ET-DC@eyJkeW5hbWljIjp0cnVlLCJjb250ZW50IjoiY3VzdG9tX21ldGFfaW5saW5lX2ZlYXR1cmVkX2ltYWdlIiwic2V0dGluZ3MiOnsiYmVmb3JlIjoiIiwiYWZ0ZXIiOiIiLCJlbmFibGVfaHRtbCI6Im9mZiJ9fQ==@&#8221;][et_pb_fullwidth_post_slider posts_number=&#8221;1&#8243; include_categories=&#8221;all&#8221; show_arrows=&#8221;off&#8221; show_pagination=&#8221;off&#8221; show_meta=&#8221;off&#8221; offset_number=&#8221;9&#8243; _builder_version=&#8221;4.6.5&#8243; _module_preset=&#8221;default&#8221; body_text_color=&#8221;rgba(0,0,0,0)&#8221; custom_button=&#8221;on&#8221; button_bg_color=&#8221;rgba(0,0,0,0)&#8221; button_border_width=&#8221;0px&#8221; button_font=&#8221;|300|||||||&#8221; button_alignment=&#8221;center&#8221; custom_padding=&#8221;|96px||||&#8221; button_bg_color__hover_enabled=&#8221;on|desktop&#8221; button_bg_color__hover=&#8221;rgba(0,0,0,0)&#8221; button_bg_enable_color__hover=&#8221;on&#8221;][\/et_pb_fullwidth_post_slider][\/et_pb_section][et_pb_section fb_built=&#8221;1&#8243; _builder_version=&#8221;4.5.5&#8243; _module_preset=&#8221;default&#8221;][et_pb_row _builder_version=&#8221;4.5.5&#8243; _module_preset=&#8221;default&#8221; width=&#8221;100%&#8221;][et_pb_column type=&#8221;4_4&#8243; _builder_version=&#8221;4.5.5&#8243; _module_preset=&#8221;default&#8221;][et_pb_blog posts_number=&#8221;999&#8243; include_categories=&#8221;all&#8221; show_more=&#8221;on&#8221; show_author=&#8221;off&#8221; show_date=&#8221;off&#8221; show_excerpt=&#8221;off&#8221; show_pagination=&#8221;off&#8221; offset_number=&#8221;10&#8243; use_overlay=&#8221;on&#8221; _builder_version=&#8221;4.6.5&#8243; _module_preset=&#8221;default&#8221; header_text_align=&#8221;center&#8221; read_more_font=&#8221;|300|||||||&#8221; text_orientation=&#8221;center&#8221;][\/et_pb_blog][et_pb_text _builder_version=&#8221;4.6.6&#8243; _module_preset=&#8221;default&#8221; text_font_size=&#8221;0px&#8221; text_text_color=&#8221;rgba(0,0,0,0)&#8221; custom_margin=&#8221;0px||0px||false|false&#8221; custom_padding=&#8221;0px||0px||false|false&#8221; hover_enabled=&#8221;0&#8243; sticky_enabled=&#8221;0&#8243; text_line_height=&#8221;1em&#8221;]<\/p>\n<p style=\"text-align: center;\">I wedding planner e gli organizzatori di eventi pi\u00f9 romantici e sofisticati d&#8217;Italia.<\/p>\n<div>\n<p data-children-count=\"0\" style=\"text-align: center;\">Noi di SugarEventsci impegniamo non solo nell\u2019aiutarvi a realizzare i vostri sogni, ma anche a <a href=\"https:\/\/www.instagram.com\/sugareventsweddingplanner\/\" target=\"_blank\" rel=\"noopener noreferrer\" title=\"matrimoni di lusso perfetti con Sugar Events e Daniela Galimberti\">trasformarli in realt\u00e0<\/a>, attraverso la nostra esperienza e creativit\u00e0. Fondata nel 2011 da <a href=\"https:\/\/sugarevents.com\/it\/chi-siamo\/\" title=\"chi siamo e Daniela Galimberti\">Daniela Galimberti<\/a>, SugarEvents si \u00e8 presto creata la reputazione come una delle migliori agenzie per matrimoni di lusso ed eventi, e grazie a una vasta conoscenza del settore, siamo in grado di creare la vostra occasione speciale in maniera impeccabile, prestando attenzione ad ogni dettaglio e assicurandovi libert\u00e0 totale dallo stress. Dai bellissimi e romantici laghi d&#8217;Italia allo splendore naturale delle Isole Baleari, da Formentera a Ibiza. Queste sono alcune delle location migliori per creare ricordi davvero indimenticabili.<br \/> Dai un&#8217;occhiata al nostro diario, scopri semplici consigli sul nostro blog<\/p>\n<\/div>\n<p>[\/et_pb_text][\/et_pb_column][\/et_pb_row][\/et_pb_section]<\/p>\n","protected":false},"excerpt":{"rendered":"<p>Blog Blog I wedding planner e gli organizzatori di eventi pi\u00f9 romantici e sofisticati d&#8217;Italia. Noi di SugarEventsci impegniamo non solo nell\u2019aiutarvi a realizzare i vostri sogni, ma anche a trasformarli in realt\u00e0, attraverso la nostra esperienza e creativit\u00e0. Fondata nel 2011 da Daniela Galimberti, SugarEvents si \u00e8 presto creata la reputazione come una delle [&hellip;]<\/p>\n","protected":false},"author":2,"featured_media":0,"parent":0,"menu_order":5,"comment_status":"closed","ping_status":"closed","template":"","meta":{"_et_pb_use_builder":"on","_et_pb_old_content":"","_et_gb_content_width":"","inline_featured_image":false,"footnotes":""},"class_list":["post-4899","page","type-page","status-publish","hentry"],"_links":{"self":[{"href":"https:\/\/sugarevents.com\/it\/wp-json\/wp\/v2\/pages\/4899","targetHints":{"allow":["GET"]}}],"collection":[{"href":"https:\/\/sugarevents.com\/it\/wp-json\/wp\/v2\/pages"}],"about":[{"href":"https:\/\/sugarevents.com\/it\/wp-json\/wp\/v2\/types\/page"}],"author":[{"embeddable":true,"href":"https:\/\/sugarevents.com\/it\/wp-json\/wp\/v2\/users\/2"}],"replies":[{"embeddable":true,"href":"https:\/\/sugarevents.com\/it\/wp-json\/wp\/v2\/comments?post=4899"}],"version-history":[{"count":22,"href":"https:\/\/sugarevents.com\/it\/wp-json\/wp\/v2\/pages\/4899\/revisions"}],"predecessor-version":[{"id":6535,"href":"https:\/\/sugarevents.com\/it\/wp-json\/wp\/v2\/pages\/4899\/revisions\/6535"}],"wp:attachment":[{"href":"https:\/\/sugarevents.com\/it\/wp-json\/wp\/v2\/media?parent=4899"}],"curies":[{"name":"wp","href":"https:\/\/api.w.org\/{rel}","templated":true}]}}