{"id":4937,"date":"2020-10-01T09:48:32","date_gmt":"2020-10-01T09:48:32","guid":{"rendered":"http:\/\/sugarevents.trkstudio.eu\/privacy-policy\/"},"modified":"2023-03-30T09:18:25","modified_gmt":"2023-03-30T09:18:25","slug":"privacy-policy","status":"publish","type":"page","link":"https:\/\/sugarevents.com\/it\/privacy-policy\/","title":{"rendered":"Privacy Policy"},"content":{"rendered":"\n<p><strong>PRIVACY<\/strong><\/p>\n\n<p>Nel presente testo diversi dati sono ricorrenti, e faremo riferimento ad essi come segue:<br\/>Il presente sito: sugarevents.com fa capo all\u2019azienda: Galimberti Daniela Anna Maria P.IVA: 07387090967 che viene definita in questo testo come \u201cl\u2019Azienda\u201d o \u201cla nostra Azienda\u201d. Il sito sopra indicato www.sugarevents.com \u00e8 identificato in questo testo come \u201cil Sito\u201d o \u201cil nostro Sito\u201d. L\u2019indirizzo e-mail aziendale danielagalimberti@sugarevents.it viene definito in questo testo come \u201cl\u2019indirizzo e-mail dell\u2019Azienda\u201d. Il titolare del trattamento dei dati Galimberti Daniela Anna Maria viene definito in questo testo come \u201cil Titolare del trattamento dei dati\u201d. Il responsabile del trattamento dei dati Galimberti Daniela Anna Maria C.F.: GLMDLN72M71B300N \u00e8 domiciliato per lo svolgimento dell\u2019incarico presso la sede di Milano (MI) Via Marco Antonio Colonna 14 viene definito in questo testo come \u201cil Responsabile del trattamento dei dati\u201d.<\/p>\n\n<p><strong>PERCH\u00c8 QUESTO AVVISO<\/strong><br\/>La tua privacy \u00e8 molto importante per la nostra Azienda, e per tutelarla al meglio ti forniamo queste note in cui troverai indicazioni sul tipo di informazioni raccolte online e sulle varie possibilit\u00e0 che hai di intervenire nella raccolta e nell\u2019utilizzo di tali informazioni nel Sito. L\u2019Azienda, nella qualit\u00e0 di Titolare del trattamento dei tuoi dati personali, ai sensi e per gli effetti del D.Lgs. 30 Giugno 2003 n. 196 (\u2018Codice in materia di protezione dei dati personali\u2019), con la presente ti informa che la citata normativa prevede la tutela delle persone e di altri soggetti rispetto al trattamento dei dati personali, e che tale trattamento sar\u00e0 improntato ai principi di correttezza, liceit\u00e0, trasparenza e tutela della tua riservatezza e dei tuoi diritti. I tuoi dati personali verranno trattati in accordo alle disposizioni legislative della normativa sopra richiamata e agli obblighi di riservatezza ivi previsti. Il trattamento dei dati personali si applica a coloro che interagiscono con i servizi web dell\u2019Azienda, accessibili per via telematica corrispondente alla pagina iniziale del sito ufficiale dell\u2019Azienda. Ci\u00f2 si applica solo per il Sito di propriet\u00e0 dell\u2019Azienda e non anche per altri siti web estranei all\u2019Azienda, eventualmente visitati dall\u2019utente tramite link a partire dal nostro Sito. L\u2019informativa si ispira anche alla Raccomandazione n. 2\/2001 che le Autorit\u00e0 Europee per la protezione dei dati personali \u2013 riunite nel gruppo istituito dall\u2019Art.29 della Direttiva Europea N\u00b0 95\/46\/CE \u2013 hanno adottato il 17 maggio 2001 per individuare alcuni requisiti minimi per la raccolta di dati personali online, e in particolare, le modalit\u00e0, i tempi e la natura delle informazioni che i titolari del trattamento devono fornire agli utenti quando questi si collegano a pagine web, indipendentemente dagli scopi del collegamento.<\/p>\n\n<p><strong>TIPOLOGIA DI DATI TRATTATI<\/strong><br\/>La Societ\u00e0 \u00e8 titolare del trattamento dei dati personali comunicati dall\u2019Utente allo scrivente e comprendono:<\/p>\n\n<ul class=\"wp-block-list\">\n<li>Ragione Sociale\/Cognome e Nome;<\/li>\n\n\n\n<li>Codice Fiscale ed altri numeri di identificazione;<\/li>\n\n\n\n<li>Coordinate Bancarie;<\/li>\n\n\n\n<li>indirizzo;<\/li>\n\n\n\n<li>indirizzo E-Mail.<\/li>\n<\/ul>\n\n<p><strong>FINALIT\u00c0 <\/strong> <strong>DEL TRATTAMENTO<\/strong><br\/>In particolare i tuoi dati verranno trattati per finalit\u00e0 connesse all\u2019attuazione di adempimenti relativi ad obblighi legislativi o contrattuali e adempimenti obbligatori per legge in campo fiscale e contabile. Il trattamento dei dati funzionali per l\u2019espletamento di tali obblighi \u00e8 necessario per una corretta gestione del rapporto e il loro conferimento \u00e8 obbligatorio per attuare le finalit\u00e0 sopra indicate. Il Titolare del trattamento dei dati rende noto, inoltre, che l\u2019eventuale non comunicazione, o comunicazione errata, di una delle informazioni obbligatorie, pu\u00f2 causare l\u2019impossibilit\u00e0 del Titolare del trattamento dei dati di garantire la congruit\u00e0 del trattamento stesso. I tuoi dati potranno essere comunicati a terzi, in particolare a:<br\/>Nell\u2019ambito di soggetti pubblici e\/o privati per i quali la comunicazione dei dati \u00e8 obbligatoria o necessaria in adempimento ad obblighi di legge o sia comunque funzionale all\u2019amministrazione del rapporto:<br\/>Societ\u00e0 di postalizzazione e stampa dati variabili;<br\/>Organi costituzionali o di rilievo costituzionale;<br\/>Consulenti e liberi professionisti, anche in forma associata;<br\/>Societ\u00e0 controllate e collegate;<br\/>Intermediari finanziari non bancari.<br\/>Previo tuo eventuale consenso, i tuoi dati personali potranno essere utilizzati per inviare informazioni su nostre possibili attivit\u00e0 promozionali o commerciali, per effettuare indagini di mercato o statistiche. Il conferimento dei dati \u00e8 per te facoltativo riguardo alle sopraindicate finalit\u00e0, ed un tuo eventuale rifiuto al trattamento non compromette la prosecuzione del rapporto o la congruit\u00e0 del trattamento stesso.<\/p>\n\n<p><strong>COMUNICAZIONE, DIFFUSIONE E TRASFERIMENTO DEI DATI<\/strong><br\/>I Dati saranno trattati, nei limiti di quanto necessario, dal personale autorizzato, adeguatamente istruito e formato, del Titolare nonch\u00e9 dal personale dei soggetti terzi che prestano servizi al Titolare ed effettuano trattamenti di Dati per conto e su istruzione di quest\u2019ultimo quali responsabili del trattamento.<br\/>In caso di comunicazione a terzi i destinatari potranno essere: Clienti, vettori, spedizionieri, agenti, addetti all\u2019utilizzo del software e professionisti ai quali ci rivolgiamo per adempiere agli obblighi previsti.<br\/>Pi\u00f9 in generale, nello svolgimento delle proprie attivit\u00e0 ordinarie aziendali i Dati potranno essere comunicati a soggetti che svolgono attivit\u00e0 di controllo, revisione e certificazione delle attivit\u00e0 poste in essere dal Titolare, consulenti e liberi professionisti nel contesto di servizi di assistenza fiscale, giudiziale e in caso di operazioni societarie per cui si renda necessario valutare gli asset aziendali, enti e amministrazioni pubbliche, nonch\u00e9 a soggetti legittimati per legge a ricevere tali informazioni, autorit\u00e0 giudiziarie italiane e straniere e altre pubbliche autorit\u00e0, per le finalit\u00e0 connesse all\u2019adempimento di obblighi legali, o per l\u2019espletamento delle obbligazioni assunte e scaturenti dalla relazione contrattuale, compreso per esigenza di difesa in giudizio. I dati di contatto potrebbero essere comunicati per esigenze del tutto occasionali a clienti e\/o fornitori del Titolare, ad esempio qualora debbano collaborare con tali soggetti ai fini della prestazione dei servizi.<\/p>\n\n<p><strong>I TUOI DIRITTI IN MATERIA DI TRATTAMENTO DATI<\/strong><br\/>I soggetti cui si riferiscono i dati personali hanno il diritto in qualunque momento di ottenere la conferma dell\u2019esistenza o meno dei medesimi dati e di conoscerne il contenuto e l\u2019origine, verificarne l\u2019esattezza o chiederne l\u2019integrazione o l\u2019aggiornamento, oppure la rettifica, e in generale puoi esercitare tutti i diritti previsti dall\u2019Art.7 del D.Lgs. n\u00b0 196\/2003 (Codice della Privacy) e dall\u2019art. 13 e 14 del Regolamento Europeo 679\/2016 relativo alla protezione dei dati personali (\u201cGDPR\u201d) vedi \u201cDIRITTI DELL\u2019INTERESSATO\u201d qui sotto. Ai sensi del medesimo articolo si ha il diritto di chiedere la cancellazione, la trasformazione in forma anonima o il blocco dei dati trattati in violazione di legge, nonch\u00e9 di opporsi in ogni caso, per motivi legittimi, al loro trattamento. Chiunque dovesse avere dubbi riguardanti il rispetto della politica per la tutela della privacy adottata dall\u2019Azienda, la sua applicazione, l\u2019accuratezza dei tuoi dati personali o l\u2019utilizzo delle informazioni raccolte pu\u00f2 contattarci tramite e-mail all\u2019indirizzo e-mail dell\u2019Azienda (vedi all\u2019inizio di questo testo).<\/p>\n\n<p><strong>DIRITTI DELL\u2019INTERESSATO<\/strong><br\/>L\u2019interessato potr\u00e0 esercitare, in relazione al trattamento dei dati ivi descritto, i diritti previsti dal GDPR (artt. 1521):<\/p>\n\n<ul class=\"wp-block-list\">\n<li>ricevere conferma dell\u2019esistenza dei Dati e accedere al loro contenuto (diritti di accesso);<\/li>\n\n\n\n<li>aggiornare, modificare e\/o correggere i Dati (diritto di rettifica);<\/li>\n\n\n\n<li>chiederne la cancellazione o la limitazione del trattamento dei Dati trattati in violazione di legge compresi quelli di cui non \u00e8 necessaria la conservazione in relazione agli scopi per i quali i Dati sono stati raccolti o altrimenti trattati (diritto all\u2019oblio e diritto alla limitazione);<\/li>\n\n\n\n<li>opporsi al trattamento (diritto di opposizione);<\/li>\n\n\n\n<li>proporre reclamo all\u2019Autorit\u00e0 di controllo (Garante per la protezione dei dati personali www.garanteprivacy.it) in caso di violazione della disciplina in materia di protezione dei dati personali;<\/li>\n\n\n\n<li>ricevere copia in formato elettronico dei Dati che lo riguardano come Interessato, quando tali Dati siano stati resi nel contesto del contratto e chiedere che tali Dati siano trasmessi ad un altro titolare del trattamento (diritto alla portabilit\u00e0 dei dati).<br\/>\u2013 i dati non verranno in alcun modo trasferiti all\u2019estero.<br\/>Nel contattarci, l\u2019Interessato dovr\u00e0 accertarsi di includere il proprio nome, email\/indirizzo postale e\/o numero\/i di telefono per essere sicuro che la sua richiesta possa essere gestita correttamente.<\/li>\n<\/ul>\n\n<p><strong>LUOGO DI TRATTAMENTO DEI DATI<\/strong><br\/>I trattamenti connessi ai servizi web di questo sito hanno luogo presso la sede dell\u2019Azienda e saranno comunicati esclusivamente ai soggetti competenti per l\u2019espletamento dei servizi necessari ad una corretta gestione del rapporto di lavoro, con garanzia di tutela dei diritti dell\u2019interessato. I tuoi dati saranno trattati unicamente da personale espressamente autorizzato dal Titolare del trattamento dei dati. Nessun dato derivante dal servizio web viene comunicato o diffuso. I dati personali forniti dagli utenti che inoltrano richieste di invio di materiale informativo (quali richieste informazioni, iscrizioni a newsletter, ecc.) sono utilizzati al solo fine di eseguire il servizio o la prestazione richiesta.<\/p>\n\n<p><strong>TIPI DI DATI TRATTATI: DATI DI NAVIGAZIONE<\/strong><br\/>I sistemi informatici e le procedure software preposte al funzionamento di questo sito web acquisiscono, nel corso del loro normale esercizio, alcuni dati la cui trasmissione \u00e8 implicita nell\u2019uso dei protocolli di comunicazione di Internet. Si tratta di informazioni che non sono raccolte per essere associate a soggetti identificati. In questa categoria di dati rientrano gli indirizzi IP dei computer utilizzati dagli utenti che si connettono al sito (anonimizzati, vedi la parte relativa a \u201cGoogle Analytics\u201d in questa pagina o nella pagina relativa ai cookies), gli indirizzi in notazione URI (Uniform Resource Identifier) delle risorse richieste, l\u2019orario della richiesta, il metodo utilizzato nel sottoporre la richiesta al server, la dimensione del file ottenuto in risposta, il codice numerico indicante lo stato della risposta data dal server (buon fine, errore, ecc.) ed altri parametri relativi al sistema operativo e all\u2019ambiente informatico dell\u2019utente. Questi dati vengono utilizzati al solo fine di ricavare informazioni statistiche anonime sull\u2019uso del sito e per controllarne il corretto funzionamento. I dati potrebbero essere utilizzati per l\u2019accertamento di responsabilit\u00e0 in caso di ipotetici reati informatici ai danni del sito solo su richiesta degli organi di vigilanza preposti.<\/p>\n\n<p><strong>CONSERVAZIONE DEI DATI<\/strong><br\/>I Dati forniti saranno trattati dal 25 maggio 2018 fino a revoca da parte dell\u2019interessato.<\/p>\n\n<p><strong>FACOLTATIVIT\u00c0 DEL CONFERIMENTO DEI DATI<\/strong><br\/>A parte quanto specificato per i dati di navigazione, l\u2019utente \u00e8 libero di fornire i dati personali riportati nei moduli di richiesta all\u2019Azienda o comunque indicati nelle sezioni del sito relative ai contatti con l\u2019Azienda, per sollecitare l\u2019invio di materiale informativo o di altre comunicazioni. Il loro mancato conferimento pu\u00f2 comportare l\u2019impossibilit\u00e0 di ottenere quanto richiesto.<\/p>\n\n<p><strong>DATI FORNITI VOLONTARIAMENTE DALL\u2019UTENTE<\/strong><br\/>L\u2019invio facoltativo, esplicito e volontario di posta elettronica agli indirizzi indicati su questo sito o attraverso i moduli di invio mail presenti nel sito, comporta la successiva acquisizione dell\u2019indirizzo e-mail del mittente, necessario per rispondere alle richieste, nonch\u00e9 degli eventuali altri dati personali inseriti \u2013 sempre volontariamente dall\u2019utente \u2013 nella missiva.<\/p>\n\n<p><strong>MODALIT\u00c0 DEL TRATTAMENTO DEI DATI<\/strong><br\/>I Dati saranno trattati dalla Societ\u00e0 con sistemi elettronici e manuali secondo i principi di correttezza, lealt\u00e0 e trasparenza previsti dalla normativa applicabile in materia di protezione dei dati personali e tutelando la riservatezza dell\u2019Interessato tramite misure di sicurezza tecniche e organizzative per garantire un livello di sicurezza adeguato.<\/p>\n\n<p><strong>COOKIES<\/strong><br\/>Per la trattazione dell\u2019argomento si rimanda l\u2019utente alla pagina dei cookies.<\/p>\n\n<p><strong>UTILIZZO DEL SOFTWARE ONLINE DI ANALISI \u201cGOOGLE ANALYTICS\u201d E RELATIVI COOKIES<\/strong><br\/>Per la trattazione dell\u2019argomento si rimanda l\u2019utente alla pagina dei cookies.<\/p>\n\n<p><strong>PARTE RISERVATA AI MINORENNI<\/strong><br\/>Nessuna persona di et\u00e0 inferiore ai 18 anni, senza previo consenso dei genitori o di chi ne fa le veci, potr\u00e0 inviare informazioni a questo sito Web, n\u00e9 tanto meno potr\u00e0 fare acquisti o perfezionare atti legali presso questo sito senza il suddetto consenso, a meno che ci\u00f2 non sia consentito dalle norme in vigore.<\/p>\n\n<p><strong>GESTIONE DEI COMMENTI DEGLI UTENTI<\/strong><br\/>Qualora il nostro Sito fosse gestito tramite un CMS Open Source che permette l\u2019inserimento di commenti degli utenti nelle varie pagine, i commenti vengono inseriti dagli utenti di propria spontanea volont\u00e0. Quando un utente del sito inserisce un proprio commento a uno o pi\u00f9 contenuti del sito \u2013 laddove i commenti siano abilitati \u2013 il sistema rileva e conserva automaticamente i dati inseriti: il nome, l\u2019indirizzo e-mail, l\u2019eventuale sito web, la data, l\u2019ora e l\u2019indirizzo IP del dispositivo da cui sono stati inviati i commenti e il testo del commento. Di questi dati, il nome, l\u2019eventuale sito web, il testo del commento, la data e l\u2019ora di inserimento, saranno visibili pubblicamente nella pagina in cui il commento viene lasciato. I dati inseriti nei campi nome, e-mail e sito web non sono soggetti a verifica da parte nostra, e quindi l\u2019utente potrebbe anche inserirvi dati non propri. L\u2019utente \u00e8 responsabile sotto qualsiasi aspetto dei dati e dei contenuti inseriti come commento.<\/p>\n\n<p><strong>MODIFICHE AL SITO<\/strong><br\/>Il Titolare del Sito si riserva il diritto di modificare i contenuti del Sito in qualsiasi momento e senza alcun preavviso. L\u2019utente accetta di essere vincolato a tali eventuali e future revisioni e si impegna, pertanto, a visitare periodicamente il Sito per essere informato su eventuali variazioni.<\/p>\n\n<p><strong>MODIFICHE ALLA PRESENTE PAGINA<\/strong><br\/>Il Titolare del trattamento si riserva la facolt\u00e0 di apportare delle modifiche alla presente pagina. L\u2019utente accetta di essere vincolato a tali eventuali e future revisioni e si impegna, pertanto, a visitare periodicamente questa pagina per essere informato su eventuali variazioni.<\/p>\n\n<p><\/p>\n","protected":false},"excerpt":{"rendered":"<p>PRIVACY Nel presente testo diversi dati sono ricorrenti, e faremo riferimento ad essi come segue:Il presente sito: sugarevents.com fa capo all\u2019azienda: Galimberti Daniela Anna Maria P.IVA: 07387090967 che viene definita in questo testo come \u201cl\u2019Azienda\u201d o \u201cla nostra Azienda\u201d. Il sito sopra indicato www.sugarevents.com \u00e8 identificato in questo testo come \u201cil Sito\u201d o \u201cil nostro [&hellip;]<\/p>\n","protected":false},"author":1,"featured_media":0,"parent":0,"menu_order":11,"comment_status":"closed","ping_status":"closed","template":"","meta":{"_et_pb_use_builder":"","_et_pb_old_content":"","_et_gb_content_width":"","inline_featured_image":false,"footnotes":""},"class_list":["post-4937","page","type-page","status-publish","hentry"],"_links":{"self":[{"href":"https:\/\/sugarevents.com\/it\/wp-json\/wp\/v2\/pages\/4937","targetHints":{"allow":["GET"]}}],"collection":[{"href":"https:\/\/sugarevents.com\/it\/wp-json\/wp\/v2\/pages"}],"about":[{"href":"https:\/\/sugarevents.com\/it\/wp-json\/wp\/v2\/types\/page"}],"author":[{"embeddable":true,"href":"https:\/\/sugarevents.com\/it\/wp-json\/wp\/v2\/users\/1"}],"replies":[{"embeddable":true,"href":"https:\/\/sugarevents.com\/it\/wp-json\/wp\/v2\/comments?post=4937"}],"version-history":[{"count":9,"href":"https:\/\/sugarevents.com\/it\/wp-json\/wp\/v2\/pages\/4937\/revisions"}],"predecessor-version":[{"id":8595,"href":"https:\/\/sugarevents.com\/it\/wp-json\/wp\/v2\/pages\/4937\/revisions\/8595"}],"wp:attachment":[{"href":"https:\/\/sugarevents.com\/it\/wp-json\/wp\/v2\/media?parent=4937"}],"curies":[{"name":"wp","href":"https:\/\/api.w.org\/{rel}","templated":true}]}}