{"id":5260,"date":"2020-10-05T15:25:12","date_gmt":"2020-10-05T15:25:12","guid":{"rendered":"http:\/\/sugarevents.trkstudio.eu\/?page_id=5260"},"modified":"2020-10-12T10:00:01","modified_gmt":"2020-10-12T10:00:01","slug":"corso-wedding-planner","status":"publish","type":"page","link":"https:\/\/sugarevents.com\/it\/corso-wedding-planner\/","title":{"rendered":"Corso Wedding Planner"},"content":{"rendered":"<p>[et_pb_section fb_built=&#8221;1&#8243; disabled_on=&#8221;on|on|off&#8221; _builder_version=&#8221;4.6.3&#8243; _module_preset=&#8221;default&#8221; custom_margin=&#8221;0px|0px|0px|0px|false|false&#8221; custom_padding=&#8221;0px|0px|0px|0px|false|false&#8221; locked=&#8221;off&#8221;][et_pb_row _builder_version=&#8221;4.6.3&#8243; _module_preset=&#8221;default&#8221; custom_margin=&#8221;10px||10px||false|false&#8221; custom_padding=&#8221;0px||0px||false|false&#8221;][et_pb_column type=&#8221;4_4&#8243; _builder_version=&#8221;4.6.3&#8243; _module_preset=&#8221;default&#8221;][et_pb_image src=&#8221;\/wp-content\/uploads\/2020\/08\/se-logo-dark.svg&#8221; alt=&#8221;sugar events logo dark&#8221; title_text=&#8221;sugar-events-logo-dark&#8221; url=&#8221;@ET-DC@eyJkeW5hbWljIjp0cnVlLCJjb250ZW50IjoicG9zdF9saW5rX3VybF9wYWdlIiwic2V0dGluZ3MiOnsicG9zdF9pZCI6IjIifX0=@&#8221; align=&#8221;center&#8221; _builder_version=&#8221;4.6.5&#8243; _dynamic_attributes=&#8221;url&#8221; _module_preset=&#8221;default&#8221; module_alignment=&#8221;center&#8221; height=&#8221;80px&#8221; custom_margin=&#8221;0px||0px||false|false&#8221; custom_padding=&#8221;0px||0px||false|false&#8221;][\/et_pb_image][\/et_pb_column][\/et_pb_row][\/et_pb_section][et_pb_section fb_built=&#8221;1&#8243; fullwidth=&#8221;on&#8221; _builder_version=&#8221;4.6.5&#8243; _module_preset=&#8221;default&#8221; background_image=&#8221;\/wp-content\/uploads\/2020\/10\/corso-wedding-planner.jpg&#8221; module_alignment=&#8221;center&#8221; custom_padding=&#8221;|0px||0px|false|false&#8221; locked=&#8221;off&#8221;][et_pb_fullwidth_header title=&#8221;Corso Wedding Planner<br \/>\n&#8221; text_orientation=&#8221;center&#8221; background_overlay_color=&#8221;rgba(66,66,66,0.17)&#8221; _builder_version=&#8221;4.6.5&#8243; _module_preset=&#8221;default&#8221; title_font=&#8221;||||||||&#8221; title_text_align=&#8221;center&#8221; title_font_size=&#8221;4rem&#8221; title_letter_spacing=&#8221;3px&#8221; content_text_align=&#8221;center&#8221; content_font_size=&#8221;16px&#8221; content_line_height=&#8221;1em&#8221; subhead_font=&#8221;Lora||||||||&#8221; subhead_text_align=&#8221;center&#8221; subhead_font_size=&#8221;2.5rem&#8221; subhead_line_height=&#8221;3rem&#8221; background_enable_color=&#8221;off&#8221; custom_button_one=&#8221;on&#8221; button_one_border_width=&#8221;0px&#8221; button_one_icon=&#8221;%%36%%&#8221; custom_button_two=&#8221;on&#8221; button_two_border_width=&#8221;0px&#8221; button_two_icon=&#8221;%%36%%&#8221; module_alignment=&#8221;center&#8221; min_height=&#8221;60vh&#8221; height_tablet=&#8221;500px&#8221; height_phone=&#8221;400px&#8221; height_last_edited=&#8221;on|phone&#8221; custom_margin=&#8221;||||false|false&#8221; custom_padding=&#8221;25vh||||false|false&#8221; custom_padding_tablet=&#8221;20vh||||false|false&#8221; custom_padding_phone=&#8221;23vh||||false|false&#8221; custom_padding_last_edited=&#8221;on|tablet&#8221; hover_enabled=&#8221;0&#8243; title_font_size_tablet=&#8221;3.5rem&#8221; title_font_size_phone=&#8221;2.2rem&#8221; title_font_size_last_edited=&#8221;on|phone&#8221; subhead_font_size_tablet=&#8221;1.7rem&#8221; subhead_font_size_phone=&#8221;2rem&#8221; subhead_font_size_last_edited=&#8221;on|tablet&#8221; custom_css_button_2=&#8221;||&#8221; title_text_shadow_style=&#8221;preset1&#8243; title_text_shadow_blur_strength=&#8221;0.15em&#8221; text_shadow_style=&#8221;preset1&#8243; text_shadow_blur_strength=&#8221;0.11em&#8221; button_one_bg_color__hover_enabled=&#8221;on|hover&#8221; button_one_bg_color__hover=&#8221;rgba(0,0,0,0)&#8221; button_one_bg_enable_color__hover=&#8221;on&#8221; button_two_bg_color__hover=&#8221;rgba(0,0,0,0)&#8221; button_two_bg_color__hover_enabled=&#8221;on|hover&#8221; custom_css_content_last_edited=&#8221;on|desktop&#8221; sticky_enabled=&#8221;0&#8243;][\/et_pb_fullwidth_header][\/et_pb_section][et_pb_section fb_built=&#8221;1&#8243; _builder_version=&#8221;4.5.3&#8243; _module_preset=&#8221;default&#8221; custom_padding=&#8221;||||false|false&#8221; locked=&#8221;off&#8221;][et_pb_row _builder_version=&#8221;4.5.3&#8243; _module_preset=&#8221;default&#8221;][et_pb_column type=&#8221;4_4&#8243; _builder_version=&#8221;4.5.3&#8243; _module_preset=&#8221;default&#8221;][et_pb_text _builder_version=&#8221;4.6.5&#8243; _module_preset=&#8221;default&#8221; text_font_size=&#8221;1rem&#8221; header_2_font_size=&#8221;30px&#8221; header_2_line_height=&#8221;1.3em&#8221; width=&#8221;100%&#8221; max_width=&#8221;840px&#8221; module_alignment=&#8221;center&#8221; custom_padding=&#8221;30px||50px||false|false&#8221;]<\/p>\n<h2 class=\"title copy__title text-center\" style=\"text-align: center;\">TI INTERESSEREBBE PARTECIPARE AD UN CORSO FORMATIVO ORGANIZZATO DA SUGAREVENTS?<\/h2>\n<div>\n<div class=\"wrapper wrapper--light\" style=\"text-align: center;\">\n<div class=\"row\">\n<div class=\"medium-8 small-centered columns\">\n<div class=\"copy copy--center\">\n<div class=\"copy__abstract\">\n<p><em>A chi si rivolge il corso?<\/em><\/p>\n<\/div>\n<p>Il corso fornisce i principali strumenti per avviare con successo la carriera di Wedding Planner.\u00a0<\/p>\n<p>Si rivolge sia a chi \u00e8 interessato a iniziare questo percorso professionale ex novo, sia a chi ha gi\u00e0 una prima esperienza nel settore degli eventi ma ne vuole approfondire le tematiche principali, confrontandosi con alcuni tra i pi\u00f9 importanti professionisti del settore.<\/p>\n<p>Vi forniremo gli strumenti base per permettervi di affacciarvi al mondo dell&#8217;organizzazione di eventi ed in particolar modo a quello del wedding, sia per clientela italiana che estera.<\/p>\n<p>Durante il corso i partecipanti\u00a0prenderanno parte anche a dei workshop con alcuni tra i principali e pi\u00f9 rinomati fornitori del mondo del wedding (catering, fotografi, societ\u00e0 di service audio e luci, flower designer e molto altro).<\/p>\n<p>Per noi \u00e8 essenziale consegnarvi fin dall&#8217;inizio un database di fornitori altamente selezionati, frutto di anni di collaborazioni, che diventeranno per voi elemento essenziale per svolgere con successo questa professione.<\/p>\n<p>Un bravo wedding &amp; event planner \u00e8 certamente una persona dotata di creativit\u00e0 e capacit\u00e0 organizzativa, \u00e8 un abile coordinatore e motivatore, ma senza l&#8217;appoggio di fornitori abili ed esperti non potr\u00e0 mai raggiungere quei livelli di eccellenza che dovrebbero essere l&#8217;obiettivo di tutti i nostri corsisti.<\/p>\n<p>Durante tutta la durata del\u00a0corso\u00a0avremo l&#8217;opportunit\u00e0 di conoscervi meglio e di valutare la vostra attitudine ed il vostro coinvolgimento.<\/p>\n<p>Ci riserviamo il piacere di selezionare possibili corsisti che avranno l&#8217;occasione di partecipare ad un nostro evento\/matrimonio, per darvi la possibilit\u00e0 di mettere in pratica quanto appreso e prendere parte ad un nostro progetto.<\/p>\n<p>Al termine del corso verr\u00e0 rilasciato un attestato di partecipazione.<\/p>\n<p>SCOPRI DI PI\u00d9<\/p>\n<\/div>\n<\/div>\n<\/div>\n<\/div>\n<div class=\"wrapper wrapper--light\" style=\"text-align: center;\">\n<div class=\"row\">\n<div class=\"medium-8 small-centered columns\">\n<h2 class=\"title copy__title text-center\">SCRIVICI PER AVERE MAGGIORI INFORMAZIONI<\/h2>\n<div class=\"copy copy--center\">\n<div class=\"copy__abstract\">\n<p><a href=\"mailto:info@sugarevents.it\" target=\"_blank\" rel=\"noopener noreferrer\" title=\"scrivi a SugarEvents\">info@sugarevents.it<\/a><\/p>\n<\/div>\n<\/div>\n<\/div>\n<\/div>\n<\/div>\n<p data-children-count=\"0\" style=\"text-align: center;\">.<\/p>\n<\/div>\n<p>[\/et_pb_text][\/et_pb_column][\/et_pb_row][\/et_pb_section][et_pb_section fb_built=&#8221;1&#8243; _builder_version=&#8221;4.5.3&#8243; _module_preset=&#8221;default&#8221; locked=&#8221;off&#8221;][et_pb_row _builder_version=&#8221;4.6.5&#8243; _module_preset=&#8221;default&#8221; width=&#8221;90%&#8221; max_width=&#8221;100%&#8221; custom_padding=&#8221;0px||0px||false|false&#8221;][et_pb_column type=&#8221;4_4&#8243; _builder_version=&#8221;4.5.3&#8243; _module_preset=&#8221;default&#8221;][et_pb_divider color=&#8221;#b7b7b7&#8243; _builder_version=&#8221;4.6.0&#8243; _module_preset=&#8221;default&#8221; custom_margin=&#8221;||0px||false|false&#8221; custom_padding=&#8221;0px||0px||false|false&#8221;][\/et_pb_divider][\/et_pb_column][\/et_pb_row][\/et_pb_section]<\/p>\n","protected":false},"excerpt":{"rendered":"<p>TI INTERESSEREBBE PARTECIPARE AD UN CORSO FORMATIVO ORGANIZZATO DA SUGAREVENTS? A chi si rivolge il corso? Il corso fornisce i principali strumenti per avviare con successo la carriera di Wedding Planner.\u00a0 Si rivolge sia a chi \u00e8 interessato a iniziare questo percorso professionale ex novo, sia a chi ha gi\u00e0 una prima esperienza nel settore [&hellip;]<\/p>\n","protected":false},"author":2,"featured_media":0,"parent":0,"menu_order":24,"comment_status":"closed","ping_status":"closed","template":"","meta":{"_et_pb_use_builder":"on","_et_pb_old_content":"","_et_gb_content_width":"","inline_featured_image":false,"footnotes":""},"class_list":["post-5260","page","type-page","status-publish","hentry"],"_links":{"self":[{"href":"https:\/\/sugarevents.com\/it\/wp-json\/wp\/v2\/pages\/5260","targetHints":{"allow":["GET"]}}],"collection":[{"href":"https:\/\/sugarevents.com\/it\/wp-json\/wp\/v2\/pages"}],"about":[{"href":"https:\/\/sugarevents.com\/it\/wp-json\/wp\/v2\/types\/page"}],"author":[{"embeddable":true,"href":"https:\/\/sugarevents.com\/it\/wp-json\/wp\/v2\/users\/2"}],"replies":[{"embeddable":true,"href":"https:\/\/sugarevents.com\/it\/wp-json\/wp\/v2\/comments?post=5260"}],"version-history":[{"count":7,"href":"https:\/\/sugarevents.com\/it\/wp-json\/wp\/v2\/pages\/5260\/revisions"}],"predecessor-version":[{"id":6041,"href":"https:\/\/sugarevents.com\/it\/wp-json\/wp\/v2\/pages\/5260\/revisions\/6041"}],"wp:attachment":[{"href":"https:\/\/sugarevents.com\/it\/wp-json\/wp\/v2\/media?parent=5260"}],"curies":[{"name":"wp","href":"https:\/\/api.w.org\/{rel}","templated":true}]}}